{"id":3763,"date":"2026-02-25T16:13:14","date_gmt":"2026-02-25T15:13:14","guid":{"rendered":"https:\/\/przedszkole4dzialdowo.pl\/?page_id=3763"},"modified":"2026-02-25T16:14:07","modified_gmt":"2026-02-25T15:14:07","slug":"deklaracja-dostepnosci","status":"publish","type":"page","link":"https:\/\/przedszkole4dzialdowo.pl\/?page_id=3763","title":{"rendered":"Deklaracja dost\u0119pno\u015bci"},"content":{"rendered":"\t\t<div data-elementor-type=\"wp-page\" data-elementor-id=\"3763\" class=\"elementor elementor-3763\">\n\t\t\t\t\t\t<div class=\"elementor-inner\">\n\t\t\t\t<div class=\"elementor-section-wrap\">\n\t\t\t\t\t\t\t\t\t<section class=\"elementor-section elementor-top-section elementor-element elementor-element-6bd827fe elementor-section-boxed elementor-section-height-default elementor-section-height-default\" data-id=\"6bd827fe\" data-element_type=\"section\">\n\t\t\t\t\t\t<div class=\"elementor-container elementor-column-gap-default\">\n\t\t\t\t\t\t\t<div class=\"elementor-row\">\n\t\t\t\t\t<div class=\"elementor-column elementor-col-100 elementor-top-column elementor-element elementor-element-18a23273\" data-id=\"18a23273\" data-element_type=\"column\">\n\t\t\t<div class=\"elementor-column-wrap elementor-element-populated\">\n\t\t\t\t\t\t\t<div class=\"elementor-widget-wrap\">\n\t\t\t\t\t\t<div class=\"elementor-element elementor-element-51df4e99 elementor-widget elementor-widget-text-editor\" data-id=\"51df4e99\" data-element_type=\"widget\" data-widget_type=\"text-editor.default\">\n\t\t\t\t<div class=\"elementor-widget-container\">\n\t\t\t\t\t\t\t\t<div class=\"elementor-text-editor elementor-clearfix\">\n\t\t\t\t<p>Przedszkole nr 4 w Dzia\u0142dowie zobowi\u0105zuje si\u0119 zapewni\u0107 dost\u0119pno\u015b\u0107 swojej strony internetowej zgodnie z przepisami ustawy z dnia 4 kwietnia 2019 r. o dost\u0119pno\u015bci cyfrowej stron internetowych i aplikacji mobilnych podmiot\u00f3w publicznych. O\u015bwiadczenie w sprawie dost\u0119pno\u015bci ma zastosowanie do strony internetowej \u00a0\u00a0\u00a0\u00a0https:\/\/przedszkole4dzialdowo.pl<\/p><ul><li>Data publikacji strony internetowej: 2011.01.14<\/li><li>Data ostatniej istotnej aktualizacji: 2022.02.10<\/li><\/ul><h2><strong>Status pod\u00a0wzgl\u0119dem zgodno\u015bci z\u00a0ustaw\u0105<\/strong><\/h2><p>Strona internetowa jest cz\u0119\u015bciowo zgodna z\u00a0ustaw\u0105 o\u00a0dost\u0119pno\u015bci cyfrowej stron internetowych i\u00a0aplikacji mobilnych podmiot\u00f3w publicznych z\u00a0powodu niezgodno\u015bci lub wy\u0142\u0105cze\u0144 wymienionych poni\u017cej.<\/p><h2><strong>Wy\u0142\u0105czenia i\u00a0u\u0142atwienia<\/strong><\/h2><ul><li>Niekt\u00f3re pliki do\u00a0pobrania nie\u00a0s\u0105 dost\u0119pne cyfrowo<\/li><li>Dokumenty w\u00a0PDF nie\u00a0s\u0105 dokumentami edytowalnymi<\/li><li>Strona cz\u0119\u015bciowo spe\u0142nia wymogi techniczne, dotycz\u0105ce dost\u0119pno\u015bci, mo\u017ce si\u0119 wi\u0119c\u00a0zdarzy\u0107, \u017ce\u00a0nie\u00a0zawsze je osi\u0105gniemy<\/li><li>Informacje na\u00a0stronie s\u0105 na\u00a0bie\u017c\u0105co aktualizowane<\/li><li>U\u017cytkownik mo\u017ce skorzysta\u0107 z\u00a0\u0142atwo dost\u0119pnych przycisk\u00f3w, aby zwi\u0119kszy\u0107 rozmiar czcionek oraz\u00a0kontrast wy\u015bwietlania<\/li><li>Strona internetowa posiada dost\u0119p z\u00a0poziomu urz\u0105dze\u0144 mobilnych<\/li><li>Na\u00a0stronie mo\u017cna u\u017cywa\u0107 standardowych skr\u00f3t\u00f3w klawiaturowych danej przegl\u0105darki<\/li><\/ul><h2><strong>Przygotowanie deklaracji w\u00a0sprawie dost\u0119pno\u015bci<\/strong><\/h2><ul><li>Deklaracj\u0119 sporz\u0105dzono dnia: 2020.11.11<\/li><li>Deklaracja zosta\u0142a ostatnio poddana przegl\u0105dowi i aktualizacji dnia: 2021.02.05<\/li><\/ul><p>Deklaracj\u0119 sporz\u0105dzono na\u00a0podstawie samooceny.<\/p><h2><strong>Informacje zwrotne i\u00a0dane kontaktowe<\/strong><\/h2><ul><li>Za rozpatrywanie uwag i wniosk\u00f3w odpowiada: Katarzyna Jakubowska<\/li><li>E-mail:\u00a0 kontakt@przedszkole4dzialdowo.pl<\/li><li>Telefon: 23 697 29 93<\/li><\/ul><h2><strong>Ka\u017cdy ma prawo:<\/strong><\/h2><ul><li>zg\u0142osi\u0107 uwagi dotycz\u0105ce dost\u0119pno\u015bci cyfrowej strony lub jej elementu,<\/li><li>zg\u0142osi\u0107 \u017c\u0105danie zapewnienia dost\u0119pno\u015bci cyfrowej strony lub jej elementu,<\/li><li>wnioskowa\u0107 o\u00a0udost\u0119pnienie niedost\u0119pnej informacji w\u00a0innej alternatywnej formie.<\/li><\/ul><h2><strong>\u017b\u0105danie musi zawiera\u0107:<\/strong><\/h2><ul><li>dane kontaktowe osoby zg\u0142aszaj\u0105cej,<\/li><li>wskazanie strony lub elementu strony, kt\u00f3rej\u00a0dotyczy \u017c\u0105danie,<\/li><li>wskazanie dogodnej formy udost\u0119pnienia informacji, je\u015bli \u017c\u0105danie dotyczy udost\u0119pnienia w\u00a0formie alternatywnej informacji niedost\u0119pnej.<\/li><\/ul><p>Rozpatrzenie zg\u0142oszenia powinno nast\u0105pi\u0107 niezw\u0142ocznie, najp\u00f3\u017aniej w\u00a0ci\u0105gu 7 dni. Je\u015bli w\u00a0tym terminie zapewnienie dost\u0119pno\u015bci albo\u00a0zapewnienie dost\u0119pu w\u00a0alternatywnej formie nie\u00a0jest mo\u017cliwe, powinno nast\u0105pi\u0107 najdalej w\u00a0ci\u0105gu 2 miesi\u0119cy od\u00a0daty zg\u0142oszenia.<\/p><h2><strong>Procedura wnioskowo-skargowa<\/strong><\/h2><p>Ka\u017cdy ma prawo do\u00a0wyst\u0105pienia z\u00a0\u017c\u0105daniem zapewnienia dost\u0119pno\u015bci cyfrowej strony internetowej, aplikacji mobilnej lub\u00a0jakiego\u015b ich elementu. Mo\u017cna tak\u017ce za\u017c\u0105da\u0107 udost\u0119pnienia informacji za\u00a0pomoc\u0105 alternatywnego sposobu dost\u0119pu, na\u00a0przyk\u0142ad przez\u00a0odczytanie niedost\u0119pnego cyfrowo dokumentu, opisanie zawarto\u015bci filmu bez\u00a0audiodeskrypcji itp.<\/p><p>\u017b\u0105danie powinno zawiera\u0107 dane osoby zg\u0142aszaj\u0105cej \u017c\u0105danie, wskazanie, o\u00a0kt\u00f3r\u0105 stron\u0119 internetow\u0105 lub\u00a0aplikacj\u0119 mobiln\u0105 chodzi oraz\u00a0spos\u00f3b kontaktu. Je\u017celi osoba \u017c\u0105daj\u0105ca zg\u0142asza potrzeb\u0119 otrzymania informacji za\u00a0pomoc\u0105 alternatywnego sposobu dost\u0119pu, powinna tak\u017ce okre\u015bli\u0107 dogodny dla niej spos\u00f3b przedstawienia tej\u00a0informacji.<\/p><p>Podmiot publiczny powinien zrealizowa\u0107 \u017c\u0105danie niezw\u0142ocznie, nie\u00a0p\u00f3\u017aniej ni\u017c w\u00a0ci\u0105gu 7 dni od\u00a0dnia wyst\u0105pienia z\u00a0\u017c\u0105daniem. Je\u017celi dotrzymanie tego terminu nie\u00a0jest mo\u017cliwe, podmiot publiczny niezw\u0142ocznie informuje o\u00a0tym wnosz\u0105cego \u017c\u0105danie, kiedy realizacja \u017c\u0105dania b\u0119dzie mo\u017cliwa, przy czym termin ten nie\u00a0mo\u017ce by\u0107 d\u0142u\u017cszy ni\u017c 2 miesi\u0105ce od\u00a0dnia wyst\u0105pienia z\u00a0\u017c\u0105daniem.<\/p><p>Je\u017celi zapewnienie dost\u0119pno\u015bci cyfrowej nie\u00a0jest mo\u017cliwe, podmiot publiczny mo\u017ce zaproponowa\u0107 alternatywny spos\u00f3b dost\u0119pu do\u00a0informacji.<\/p><p>W\u00a0przypadku, gdy\u00a0podmiot publiczny odm\u00f3wi realizacji \u017c\u0105dania zapewnienia dost\u0119pno\u015bci lub alternatywnego sposobu dost\u0119pu do\u00a0informacji, wnosz\u0105cy \u017c\u0105danie mo\u017cne z\u0142o\u017cy\u0107 skarg\u0119 w\u00a0sprawie zapewniana dost\u0119pno\u015bci cyfrowej strony internetowej, aplikacji mobilnej lub elementu strony internetowej, lub aplikacji mobilnej.<\/p><p>Na\u00a0niedotrzymanie tych termin\u00f3w oraz\u00a0na\u00a0odmow\u0119 realizacji \u017c\u0105dania mo\u017cna z\u0142o\u017cy\u0107 skarg\u0119 do\u00a0organu nadzoruj\u0105cego poczt\u0105 lub drog\u0105 elektroniczn\u0105 na\u00a0adres:<\/p><ul><li>Organ nadzoruj\u0105cy: Dyrektor Przedszkola nr 4 w Dzia\u0142dowie<\/li><li>Adres: Przedszkole nr 4 w Dzia\u0142dowie<br \/>ul. Mrongowiusza 7<br \/>13-200 Dzia\u0142dowo<br \/>woj.\u00a0warmi\u0144sko-mazurskie<\/li><li>E-mail: kontakt@przedszkole4dzialdowo.pl<\/li><li>Telefon: 23 697 29 93<\/li><\/ul>\t\t\t\t\t<\/div>\n\t\t\t\t\t\t<\/div>\n\t\t\t\t<\/div>\n\t\t\t\t\t\t<\/div>\n\t\t\t\t\t<\/div>\n\t\t<\/div>\n\t\t\t\t\t\t\t\t<\/div>\n\t\t\t\t\t<\/div>\n\t\t<\/section>\n\t\t\t\t\t\t\t\t\t<\/div>\n\t\t\t<\/div>\n\t\t\t\t\t<\/div>\n\t\t","protected":false},"excerpt":{"rendered":"<p>Przedszkole nr 4 w Dzia\u0142dowie zobowi\u0105zuje si\u0119 zapewni\u0107 dost\u0119pno\u015b\u0107 swojej strony internetowej zgodnie z przepisami ustawy z dnia 4 kwietnia 2019 r. o dost\u0119pno\u015bci cyfrowej stron internetowych i aplikacji mobilnych podmiot\u00f3w publicznych. O\u015bwiadczenie w sprawie dost\u0119pno\u015bci ma zastosowanie do strony internetowej \u00a0\u00a0\u00a0\u00a0https:\/\/przedszkole4dzialdowo.pl Data publikacji strony internetowej: 2011.01.14 Data ostatniej istotnej aktualizacji: 2022.02.10 Status pod\u00a0wzgl\u0119dem zgodno\u015bci [&hellip;]<\/p>\n","protected":false},"author":2,"featured_media":0,"parent":0,"menu_order":0,"comment_status":"closed","ping_status":"closed","template":"","meta":{"ngg_post_thumbnail":0},"yoast_head":"<!-- This site is optimized with the Yoast SEO plugin v18.2 - https:\/\/yoast.com\/wordpress\/plugins\/seo\/ -->\n<title>Deklaracja dost\u0119pno\u015bci - przedszkole4dzialdowo.pl<\/title>\n<meta name=\"robots\" content=\"index, follow, max-snippet:-1, max-image-preview:large, max-video-preview:-1\" \/>\n<link rel=\"canonical\" href=\"https:\/\/przedszkole4dzialdowo.pl\/?page_id=3763\" \/>\n<meta property=\"og:locale\" content=\"pl_PL\" \/>\n<meta property=\"og:type\" content=\"article\" \/>\n<meta property=\"og:title\" content=\"Deklaracja dost\u0119pno\u015bci - przedszkole4dzialdowo.pl\" \/>\n<meta property=\"og:description\" content=\"Przedszkole nr 4 w Dzia\u0142dowie zobowi\u0105zuje si\u0119 zapewni\u0107 dost\u0119pno\u015b\u0107 swojej strony internetowej zgodnie z przepisami ustawy z dnia 4 kwietnia 2019 r. o dost\u0119pno\u015bci cyfrowej stron internetowych i aplikacji mobilnych podmiot\u00f3w publicznych. O\u015bwiadczenie w sprawie dost\u0119pno\u015bci ma zastosowanie do strony internetowej \u00a0\u00a0\u00a0\u00a0https:\/\/przedszkole4dzialdowo.pl Data publikacji strony internetowej: 2011.01.14 Data ostatniej istotnej aktualizacji: 2022.02.10 Status pod\u00a0wzgl\u0119dem zgodno\u015bci [&hellip;]\" \/>\n<meta property=\"og:url\" content=\"https:\/\/przedszkole4dzialdowo.pl\/?page_id=3763\" \/>\n<meta property=\"og:site_name\" content=\"przedszkole4dzialdowo.pl\" \/>\n<meta property=\"article:publisher\" content=\"https:\/\/www.facebook.com\/sp4dzialdowo\/\" \/>\n<meta property=\"article:modified_time\" content=\"2026-02-25T15:14:07+00:00\" \/>\n<meta name=\"twitter:card\" content=\"summary_large_image\" \/>\n<meta name=\"twitter:label1\" content=\"Szacowany czas czytania\" \/>\n\t<meta name=\"twitter:data1\" content=\"3 minuty\" \/>\n<script type=\"application\/ld+json\" class=\"yoast-schema-graph\">{\"@context\":\"https:\/\/schema.org\",\"@graph\":[{\"@type\":\"Organization\",\"@id\":\"https:\/\/przedszkole4dzialdowo.pl\/#organization\",\"name\":\"Szko\u0142a Podstawowa nr 4 im. Jana Paw\u0142a II w Dzia\u0142dowie\",\"url\":\"https:\/\/przedszkole4dzialdowo.pl\/\",\"sameAs\":[\"https:\/\/www.facebook.com\/sp4dzialdowo\/\"],\"logo\":{\"@type\":\"ImageObject\",\"@id\":\"https:\/\/przedszkole4dzialdowo.pl\/#logo\",\"inLanguage\":\"pl-PL\",\"url\":\"https:\/\/przedszkole4dzialdowo.pl\/wp-content\/uploads\/2021\/01\/cropped-LOGOWKOLE2.png\",\"contentUrl\":\"https:\/\/przedszkole4dzialdowo.pl\/wp-content\/uploads\/2021\/01\/cropped-LOGOWKOLE2.png\",\"width\":512,\"height\":512,\"caption\":\"Szko\u0142a Podstawowa nr 4 im. Jana Paw\u0142a II w Dzia\u0142dowie\"},\"image\":{\"@id\":\"https:\/\/przedszkole4dzialdowo.pl\/#logo\"}},{\"@type\":\"WebSite\",\"@id\":\"https:\/\/przedszkole4dzialdowo.pl\/#website\",\"url\":\"https:\/\/przedszkole4dzialdowo.pl\/\",\"name\":\"sp4dzialdowo.pl\",\"description\":\"\",\"publisher\":{\"@id\":\"https:\/\/przedszkole4dzialdowo.pl\/#organization\"},\"potentialAction\":[{\"@type\":\"SearchAction\",\"target\":{\"@type\":\"EntryPoint\",\"urlTemplate\":\"https:\/\/przedszkole4dzialdowo.pl\/?s={search_term_string}\"},\"query-input\":\"required name=search_term_string\"}],\"inLanguage\":\"pl-PL\"},{\"@type\":\"WebPage\",\"@id\":\"https:\/\/przedszkole4dzialdowo.pl\/?page_id=3763#webpage\",\"url\":\"https:\/\/przedszkole4dzialdowo.pl\/?page_id=3763\",\"name\":\"Deklaracja dost\u0119pno\u015bci - przedszkole4dzialdowo.pl\",\"isPartOf\":{\"@id\":\"https:\/\/przedszkole4dzialdowo.pl\/#website\"},\"datePublished\":\"2026-02-25T15:13:14+00:00\",\"dateModified\":\"2026-02-25T15:14:07+00:00\",\"breadcrumb\":{\"@id\":\"https:\/\/przedszkole4dzialdowo.pl\/?page_id=3763#breadcrumb\"},\"inLanguage\":\"pl-PL\",\"potentialAction\":[{\"@type\":\"ReadAction\",\"target\":[\"https:\/\/przedszkole4dzialdowo.pl\/?page_id=3763\"]}]},{\"@type\":\"BreadcrumbList\",\"@id\":\"https:\/\/przedszkole4dzialdowo.pl\/?page_id=3763#breadcrumb\",\"itemListElement\":[{\"@type\":\"ListItem\",\"position\":1,\"name\":\"Strona g\u0142\u00f3wna\",\"item\":\"https:\/\/przedszkole4dzialdowo.pl\/\"},{\"@type\":\"ListItem\",\"position\":2,\"name\":\"Deklaracja dost\u0119pno\u015bci\"}]}]}<\/script>\n<!-- \/ Yoast SEO plugin. -->","yoast_head_json":{"title":"Deklaracja dost\u0119pno\u015bci - przedszkole4dzialdowo.pl","robots":{"index":"index","follow":"follow","max-snippet":"max-snippet:-1","max-image-preview":"max-image-preview:large","max-video-preview":"max-video-preview:-1"},"canonical":"https:\/\/przedszkole4dzialdowo.pl\/?page_id=3763","og_locale":"pl_PL","og_type":"article","og_title":"Deklaracja dost\u0119pno\u015bci - przedszkole4dzialdowo.pl","og_description":"Przedszkole nr 4 w Dzia\u0142dowie zobowi\u0105zuje si\u0119 zapewni\u0107 dost\u0119pno\u015b\u0107 swojej strony internetowej zgodnie z przepisami ustawy z dnia 4 kwietnia 2019 r. o dost\u0119pno\u015bci cyfrowej stron internetowych i aplikacji mobilnych podmiot\u00f3w publicznych. O\u015bwiadczenie w sprawie dost\u0119pno\u015bci ma zastosowanie do strony internetowej \u00a0\u00a0\u00a0\u00a0https:\/\/przedszkole4dzialdowo.pl Data publikacji strony internetowej: 2011.01.14 Data ostatniej istotnej aktualizacji: 2022.02.10 Status pod\u00a0wzgl\u0119dem zgodno\u015bci [&hellip;]","og_url":"https:\/\/przedszkole4dzialdowo.pl\/?page_id=3763","og_site_name":"przedszkole4dzialdowo.pl","article_publisher":"https:\/\/www.facebook.com\/sp4dzialdowo\/","article_modified_time":"2026-02-25T15:14:07+00:00","twitter_card":"summary_large_image","twitter_misc":{"Szacowany czas czytania":"3 minuty"},"schema":{"@context":"https:\/\/schema.org","@graph":[{"@type":"Organization","@id":"https:\/\/przedszkole4dzialdowo.pl\/#organization","name":"Szko\u0142a Podstawowa nr 4 im. Jana Paw\u0142a II w Dzia\u0142dowie","url":"https:\/\/przedszkole4dzialdowo.pl\/","sameAs":["https:\/\/www.facebook.com\/sp4dzialdowo\/"],"logo":{"@type":"ImageObject","@id":"https:\/\/przedszkole4dzialdowo.pl\/#logo","inLanguage":"pl-PL","url":"https:\/\/przedszkole4dzialdowo.pl\/wp-content\/uploads\/2021\/01\/cropped-LOGOWKOLE2.png","contentUrl":"https:\/\/przedszkole4dzialdowo.pl\/wp-content\/uploads\/2021\/01\/cropped-LOGOWKOLE2.png","width":512,"height":512,"caption":"Szko\u0142a Podstawowa nr 4 im. Jana Paw\u0142a II w Dzia\u0142dowie"},"image":{"@id":"https:\/\/przedszkole4dzialdowo.pl\/#logo"}},{"@type":"WebSite","@id":"https:\/\/przedszkole4dzialdowo.pl\/#website","url":"https:\/\/przedszkole4dzialdowo.pl\/","name":"sp4dzialdowo.pl","description":"","publisher":{"@id":"https:\/\/przedszkole4dzialdowo.pl\/#organization"},"potentialAction":[{"@type":"SearchAction","target":{"@type":"EntryPoint","urlTemplate":"https:\/\/przedszkole4dzialdowo.pl\/?s={search_term_string}"},"query-input":"required name=search_term_string"}],"inLanguage":"pl-PL"},{"@type":"WebPage","@id":"https:\/\/przedszkole4dzialdowo.pl\/?page_id=3763#webpage","url":"https:\/\/przedszkole4dzialdowo.pl\/?page_id=3763","name":"Deklaracja dost\u0119pno\u015bci - przedszkole4dzialdowo.pl","isPartOf":{"@id":"https:\/\/przedszkole4dzialdowo.pl\/#website"},"datePublished":"2026-02-25T15:13:14+00:00","dateModified":"2026-02-25T15:14:07+00:00","breadcrumb":{"@id":"https:\/\/przedszkole4dzialdowo.pl\/?page_id=3763#breadcrumb"},"inLanguage":"pl-PL","potentialAction":[{"@type":"ReadAction","target":["https:\/\/przedszkole4dzialdowo.pl\/?page_id=3763"]}]},{"@type":"BreadcrumbList","@id":"https:\/\/przedszkole4dzialdowo.pl\/?page_id=3763#breadcrumb","itemListElement":[{"@type":"ListItem","position":1,"name":"Strona g\u0142\u00f3wna","item":"https:\/\/przedszkole4dzialdowo.pl\/"},{"@type":"ListItem","position":2,"name":"Deklaracja dost\u0119pno\u015bci"}]}]}},"_links":{"self":[{"href":"https:\/\/przedszkole4dzialdowo.pl\/index.php?rest_route=\/wp\/v2\/pages\/3763"}],"collection":[{"href":"https:\/\/przedszkole4dzialdowo.pl\/index.php?rest_route=\/wp\/v2\/pages"}],"about":[{"href":"https:\/\/przedszkole4dzialdowo.pl\/index.php?rest_route=\/wp\/v2\/types\/page"}],"author":[{"embeddable":true,"href":"https:\/\/przedszkole4dzialdowo.pl\/index.php?rest_route=\/wp\/v2\/users\/2"}],"replies":[{"embeddable":true,"href":"https:\/\/przedszkole4dzialdowo.pl\/index.php?rest_route=%2Fwp%2Fv2%2Fcomments&post=3763"}],"version-history":[{"count":4,"href":"https:\/\/przedszkole4dzialdowo.pl\/index.php?rest_route=\/wp\/v2\/pages\/3763\/revisions"}],"predecessor-version":[{"id":3767,"href":"https:\/\/przedszkole4dzialdowo.pl\/index.php?rest_route=\/wp\/v2\/pages\/3763\/revisions\/3767"}],"wp:attachment":[{"href":"https:\/\/przedszkole4dzialdowo.pl\/index.php?rest_route=%2Fwp%2Fv2%2Fmedia&parent=3763"}],"curies":[{"name":"wp","href":"https:\/\/api.w.org\/{rel}","templated":true}]}}