{"id":3736,"date":"2026-02-25T15:21:37","date_gmt":"2026-02-25T14:21:37","guid":{"rendered":"https:\/\/przedszkole4dzialdowo.pl\/?page_id=3736"},"modified":"2026-02-25T15:30:09","modified_gmt":"2026-02-25T14:30:09","slug":"sukcesy-2024-2025","status":"publish","type":"page","link":"https:\/\/przedszkole4dzialdowo.pl\/?page_id=3736","title":{"rendered":"Sukcesy 2024\/2025"},"content":{"rendered":"\t\t<div data-elementor-type=\"wp-page\" data-elementor-id=\"3736\" class=\"elementor elementor-3736\">\n\t\t\t\t\t\t<div class=\"elementor-inner\">\n\t\t\t\t<div class=\"elementor-section-wrap\">\n\t\t\t\t\t\t\t\t\t<section class=\"elementor-section elementor-top-section elementor-element elementor-element-5fe28a70 elementor-section-boxed elementor-section-height-default elementor-section-height-default\" data-id=\"5fe28a70\" data-element_type=\"section\">\n\t\t\t\t\t\t<div class=\"elementor-container elementor-column-gap-default\">\n\t\t\t\t\t\t\t<div class=\"elementor-row\">\n\t\t\t\t\t<div class=\"elementor-column elementor-col-100 elementor-top-column elementor-element elementor-element-34bc7188\" data-id=\"34bc7188\" data-element_type=\"column\">\n\t\t\t<div class=\"elementor-column-wrap elementor-element-populated\">\n\t\t\t\t\t\t\t<div class=\"elementor-widget-wrap\">\n\t\t\t\t\t\t<div class=\"elementor-element elementor-element-d6258e0 elementor-widget elementor-widget-text-editor\" data-id=\"d6258e0\" data-element_type=\"widget\" data-widget_type=\"text-editor.default\">\n\t\t\t\t<div class=\"elementor-widget-container\">\n\t\t\t\t\t\t\t\t<div class=\"elementor-text-editor elementor-clearfix\">\n\t\t\t\t<table style=\"height: 2848px;\" width=\"343\"><tbody><tr><td width=\"70\"><p><strong>Lp.<\/strong><\/p><\/td><td width=\"184\"><p><strong>Imi\u0119 i nazwisko<\/strong><\/p><\/td><td width=\"85\"><p><strong>Grupa<\/strong><\/p><\/td><td width=\"101\"><p><strong>Miejsce<\/strong><\/p><\/td><td width=\"495\"><p><strong>Sukces mi\u0119dzyprzedszkolny<\/strong><\/p><\/td><\/tr><tr><td width=\"70\"><p>1.<\/p><\/td><td width=\"184\"><p>Apolonia Psiuk<\/p><\/td><td width=\"85\"><p>VII<\/p><\/td><td width=\"101\"><p>I<\/p><\/td><td width=\"495\"><p><em>I like english <\/em>\u00a0\u2013 II Mi\u0119dzyprzedszkolny Konkurs J\u0119z. Ang. \u2013 org. Przedszkole Umisia<\/p><\/td><\/tr><tr><td width=\"70\"><p>2.<\/p><\/td><td width=\"184\"><p>Hanna K\u0142os<\/p><\/td><td width=\"85\"><p>VI<\/p><\/td><td width=\"101\"><p>I<\/p><\/td><td width=\"495\"><p><em>Najpi\u0119kniejsza palma wielkanocna \u2013<\/em> konkurs plastyczny \u2013 org. Przedszkole Krasnoludek<\/p><\/td><\/tr><tr><td width=\"70\"><p>3.<\/p><\/td><td width=\"184\"><p>Dru\u017cyna z gr. IV i VIII<\/p><\/td><td width=\"85\"><p>IV\u00a0 VIII<\/p><\/td><td width=\"101\"><p>I<\/p><\/td><td width=\"495\"><p><em>Dzia\u0142dowska Olimpiada Przedszkolak\u00f3w \u2013 <\/em>org. MOSiR Dzia\u0142dowo<\/p><\/td><\/tr><tr><td width=\"70\"><p>4.<\/p><\/td><td width=\"184\"><p>Adam \u015alesi\u0144ski<\/p><\/td><td width=\"85\"><p>IV<\/p><\/td><td width=\"101\"><p>II<\/p><\/td><td width=\"495\"><p><em>Urodzinowa kartka dla Jedyneczki \u2013 <\/em>konkurs plasyczny \u2013 org. Przedszkole nr 1<\/p><\/td><\/tr><tr><td width=\"70\"><p>5.<\/p><\/td><td width=\"184\"><p>Laura Sowi\u0144ska<\/p><\/td><td width=\"85\"><p>IV<\/p><\/td><td width=\"101\"><p>II<\/p><\/td><td width=\"495\"><p><em>Pitagoras \u2013 <\/em>konkurs matematyczny \u2013 org. Przedszkole nr 3<\/p><\/td><\/tr><tr><td width=\"70\"><p>6.<\/p><\/td><td width=\"184\"><p>Nikodem Karpi\u0144ski<\/p><\/td><td width=\"85\"><p>VIII<\/p><\/td><td width=\"101\"><p>II<\/p><\/td><td width=\"495\"><p><em>Pitagoras \u2013 <\/em>konkurs matematyczny \u2013 org. Przedszkole nr 3<\/p><\/td><\/tr><tr><td width=\"70\"><p>7.<\/p><\/td><td width=\"184\"><p>Stanis\u0142aw Baranowski<\/p><\/td><td width=\"85\"><p>VII<\/p><\/td><td width=\"101\"><p>II<\/p><\/td><td width=\"495\"><p><em>I like english <\/em>\u2013 II Mi\u0119dzyprzedszkolny Konkurs\u00a0\u00a0\u00a0\u00a0 J\u0119z. Ang. \u2013 org. Przedszkole Umisia<\/p><\/td><\/tr><tr><td width=\"70\"><p>8.<\/p><\/td><td width=\"184\"><p>Jakub Bagniewski<\/p><\/td><td width=\"85\"><p>VIII<\/p><\/td><td width=\"101\"><p>III<\/p><p>\u00a0<\/p><p>\u00a0<\/p><p>udzia\u0142<\/p><\/td><td width=\"495\"><p><em>Najpi\u0119kniejsza palma wielkanocna \u2013<\/em> konkurs plastyczny \u2013 org. Przedszkole Krasnoludek<\/p><p><em>Urodzinowa kartka dla Jedyneczki \u2013 <\/em>konkurs plasyczny \u2013 org. Przedszkole nr 1<\/p><\/td><\/tr><tr><td width=\"70\"><p>9.<\/p><\/td><td width=\"184\"><p>Natalia Szeluga<\/p><\/td><td width=\"85\"><p>II<\/p><\/td><td width=\"101\"><p>Wyr.<\/p><\/td><td width=\"495\"><p><em>Najpi\u0119kniejsza palma wielkanocna <\/em>\u2013 konkurs plastyczny \u2013 org. Przedszkole Krasnoludek<\/p><\/td><\/tr><tr><td width=\"70\"><p>10.<\/p><\/td><td width=\"184\"><p>Jan Wr\u00f3blewski<\/p><\/td><td width=\"85\"><p>III<\/p><\/td><td width=\"101\"><p>Wyr.<\/p><\/td><td width=\"495\"><p><em>Najpi\u0119kniejsza palma wielkanocna \u2013 <\/em>\u00a0konkurs plastyczny \u2013 org. Przedszkole Krasnoludek<\/p><\/td><\/tr><tr><td width=\"70\"><p>11.<\/p><\/td><td width=\"184\"><p>Borys Ozga<\/p><\/td><td width=\"85\"><p>III<\/p><\/td><td width=\"101\"><p>Wyr.<\/p><\/td><td width=\"495\"><p><em>Mali poeci w krainie wyobra\u017ani \u2013 <\/em>przegl\u0105d literacko-recytatorski \u2013 org.\u00a0 Przedszkole nr 1<\/p><\/td><\/tr><tr><td width=\"70\"><p>12.<\/p><\/td><td width=\"184\"><p>Dominik Zaj\u0105czkowski<\/p><\/td><td width=\"85\"><p>IV<\/p><\/td><td width=\"101\"><p>Wyr.<\/p><\/td><td width=\"495\"><p><em>I like english <\/em>\u00a0\u2013 II Mi\u0119dzyprzedszkolny Konkurs J\u0119z. Ang. \u2013 org. Przedszkole Umisia<\/p><\/td><\/tr><tr><td width=\"70\"><p>13.<\/p><\/td><td width=\"184\"><p>Grupa taneczna<\/p><\/td><td width=\"85\"><p>IV<\/p><p>VIII<\/p><\/td><td width=\"101\"><p>udzia\u0142<\/p><\/td><td width=\"495\"><p><em>Ta<\/em><em>\u0144<\/em><em>czy<\/em><em>\u0107<\/em><em> ka<\/em><em>\u017c<\/em><em>dy mo<\/em><em>\u017c<\/em><em>e \u2013<\/em> festiwal ta\u0144ca \u2013 org. Przedszkole nr 5<\/p><\/td><\/tr><tr><td width=\"70\"><p>14.<\/p><\/td><td width=\"184\"><p>Liliana Szyma\u0144ska<\/p><\/td><td width=\"85\"><p>VII<\/p><\/td><td width=\"101\"><p>udzia\u0142<\/p><\/td><td width=\"495\"><p><em>Najpi\u0119kniejsza palma wielkanocna \u2013\u00a0 <\/em>konkurs plastyczny<em> \u2013 <\/em>org. Przedszkole Krasnoludek<\/p><\/td><\/tr><tr><td width=\"70\"><p>15.<\/p><\/td><td width=\"184\"><p>Nikodem Karpi\u0144ski<\/p><\/td><td width=\"85\"><p>VIII<\/p><\/td><td width=\"101\"><p>udzia\u0142<\/p><\/td><td width=\"495\"><p><em>Mi\u0119dzyprzedszkolny Przegl\u0105d Piosenki Dzieci\u0119cej Gwiazdy to My \u2013 org. <\/em>Przedszkole nr 4<\/p><\/td><\/tr><tr><td width=\"70\"><p><strong>Lp.<\/strong><\/p><\/td><td width=\"184\"><p><strong>Imi\u0119 i nazwisko<\/strong><\/p><\/td><td width=\"85\"><p><strong>Grupa<\/strong><\/p><\/td><td width=\"101\"><p><strong>Miejsce<\/strong><\/p><\/td><td width=\"495\"><p><strong><em>Sukces przedszkolny<\/em><\/strong><\/p><\/td><\/tr><tr><td width=\"70\"><p>1.<\/p><\/td><td width=\"184\"><p>Helena Urbaniach<\/p><\/td><td width=\"85\"><p>III<\/p><\/td><td width=\"101\"><p>I<\/p><\/td><td width=\"495\"><p><em>Ja i moje miasto \u2013 <\/em>konkurs plastyczny<\/p><\/td><\/tr><tr><td width=\"70\"><p>2.<\/p><\/td><td width=\"184\"><p>Zuzanna Dmitrzyk<\/p><\/td><td width=\"85\"><p>VIII<\/p><\/td><td width=\"101\"><p>III<\/p><\/td><td width=\"495\"><p><em>Ja i moje miasto \u2013 <\/em>konkurs plastyczny<\/p><\/td><\/tr><tr><td width=\"70\"><p>3.<\/p><\/td><td width=\"184\"><p>Zofia Lasecka<\/p><\/td><td width=\"85\"><p>II<\/p><\/td><td width=\"101\"><p>Wyr.<\/p><\/td><td width=\"495\"><p><em>Wiersze znane i lubiane \u2013 <\/em>konkurs recytatorski<\/p><\/td><\/tr><tr><td width=\"70\"><p>4.<\/p><\/td><td width=\"184\"><p>Kinga Zieli\u0144ska<\/p><\/td><td width=\"85\"><p>III<\/p><\/td><td width=\"101\"><p>Wyr.<\/p><\/td><td width=\"495\"><p><em>Wiersze znane i lubiane <\/em>\u2013 konkurs recytatorski<\/p><\/td><\/tr><tr><td width=\"70\"><p>5.<\/p><\/td><td width=\"184\"><p>Adam \u015alesi\u0144ski<\/p><\/td><td width=\"85\"><p>IV<\/p><\/td><td width=\"101\"><p>Wyr.<\/p><\/td><td width=\"495\"><p><em>Wiersze znane i lubiane \u2013 <\/em>konkurs recytatorski<\/p><\/td><\/tr><tr><td width=\"70\"><p>6.<\/p><\/td><td width=\"184\"><p>Maksymilian Wi\u015bniewski<\/p><p>Wiktor Rososi\u0144ski<\/p><p>Dominik Wi\u015bnicki<\/p><\/td><td width=\"85\"><p>III<\/p><\/td><td width=\"101\"><p>Wyr.<\/p><\/td><td width=\"495\"><p><em>Ja i moje miasto \u2013 <\/em>konkurs plastyczny<\/p><\/td><\/tr><tr><td width=\"70\"><p>7.<\/p><\/td><td width=\"184\"><p>Adam \u015alesi\u0144ski<\/p><\/td><td width=\"85\"><p>IV<\/p><\/td><td width=\"101\"><p>Wyr.<\/p><\/td><td width=\"495\"><p><em>Ja i moje miasto \u2013 <\/em>konkurs plastyczny<\/p><\/td><\/tr><\/tbody><\/table><p>\u00a0<\/p><p>\u00a0<\/p>\t\t\t\t\t<\/div>\n\t\t\t\t\t\t<\/div>\n\t\t\t\t<\/div>\n\t\t\t\t\t\t<\/div>\n\t\t\t\t\t<\/div>\n\t\t<\/div>\n\t\t\t\t\t\t\t\t<\/div>\n\t\t\t\t\t<\/div>\n\t\t<\/section>\n\t\t\t\t\t\t\t\t\t<\/div>\n\t\t\t<\/div>\n\t\t\t\t\t<\/div>\n\t\t","protected":false},"excerpt":{"rendered":"<p>Lp. Imi\u0119 i nazwisko Grupa Miejsce Sukces mi\u0119dzyprzedszkolny 1. Apolonia Psiuk VII I I like english \u00a0\u2013 II Mi\u0119dzyprzedszkolny Konkurs J\u0119z. Ang. \u2013 org. Przedszkole Umisia 2. Hanna K\u0142os VI I Najpi\u0119kniejsza palma wielkanocna \u2013 konkurs plastyczny \u2013 org. Przedszkole Krasnoludek 3. Dru\u017cyna z gr. IV i VIII IV\u00a0 VIII I Dzia\u0142dowska Olimpiada Przedszkolak\u00f3w \u2013 [&hellip;]<\/p>\n","protected":false},"author":2,"featured_media":0,"parent":0,"menu_order":0,"comment_status":"closed","ping_status":"closed","template":"","meta":{"ngg_post_thumbnail":0},"yoast_head":"<!-- This site is optimized with the Yoast SEO plugin v18.2 - https:\/\/yoast.com\/wordpress\/plugins\/seo\/ -->\n<title>Sukcesy 2024\/2025 - przedszkole4dzialdowo.pl<\/title>\n<meta name=\"robots\" content=\"index, follow, max-snippet:-1, max-image-preview:large, max-video-preview:-1\" \/>\n<link rel=\"canonical\" href=\"https:\/\/przedszkole4dzialdowo.pl\/?page_id=3736\" \/>\n<meta property=\"og:locale\" content=\"pl_PL\" \/>\n<meta property=\"og:type\" content=\"article\" \/>\n<meta property=\"og:title\" content=\"Sukcesy 2024\/2025 - przedszkole4dzialdowo.pl\" \/>\n<meta property=\"og:description\" content=\"Lp. Imi\u0119 i nazwisko Grupa Miejsce Sukces mi\u0119dzyprzedszkolny 1. Apolonia Psiuk VII I I like english \u00a0\u2013 II Mi\u0119dzyprzedszkolny Konkurs J\u0119z. Ang. \u2013 org. Przedszkole Umisia 2. Hanna K\u0142os VI I Najpi\u0119kniejsza palma wielkanocna \u2013 konkurs plastyczny \u2013 org. Przedszkole Krasnoludek 3. Dru\u017cyna z gr. IV i VIII IV\u00a0 VIII I Dzia\u0142dowska Olimpiada Przedszkolak\u00f3w \u2013 [&hellip;]\" \/>\n<meta property=\"og:url\" content=\"https:\/\/przedszkole4dzialdowo.pl\/?page_id=3736\" \/>\n<meta property=\"og:site_name\" content=\"przedszkole4dzialdowo.pl\" \/>\n<meta property=\"article:publisher\" content=\"https:\/\/www.facebook.com\/sp4dzialdowo\/\" \/>\n<meta property=\"article:modified_time\" content=\"2026-02-25T14:30:09+00:00\" \/>\n<meta name=\"twitter:card\" content=\"summary_large_image\" \/>\n<meta name=\"twitter:label1\" content=\"Szacowany czas czytania\" \/>\n\t<meta name=\"twitter:data1\" content=\"3 minuty\" \/>\n<script type=\"application\/ld+json\" class=\"yoast-schema-graph\">{\"@context\":\"https:\/\/schema.org\",\"@graph\":[{\"@type\":\"Organization\",\"@id\":\"https:\/\/przedszkole4dzialdowo.pl\/#organization\",\"name\":\"Szko\u0142a Podstawowa nr 4 im. Jana Paw\u0142a II w Dzia\u0142dowie\",\"url\":\"https:\/\/przedszkole4dzialdowo.pl\/\",\"sameAs\":[\"https:\/\/www.facebook.com\/sp4dzialdowo\/\"],\"logo\":{\"@type\":\"ImageObject\",\"@id\":\"https:\/\/przedszkole4dzialdowo.pl\/#logo\",\"inLanguage\":\"pl-PL\",\"url\":\"https:\/\/przedszkole4dzialdowo.pl\/wp-content\/uploads\/2021\/01\/cropped-LOGOWKOLE2.png\",\"contentUrl\":\"https:\/\/przedszkole4dzialdowo.pl\/wp-content\/uploads\/2021\/01\/cropped-LOGOWKOLE2.png\",\"width\":512,\"height\":512,\"caption\":\"Szko\u0142a Podstawowa nr 4 im. Jana Paw\u0142a II w Dzia\u0142dowie\"},\"image\":{\"@id\":\"https:\/\/przedszkole4dzialdowo.pl\/#logo\"}},{\"@type\":\"WebSite\",\"@id\":\"https:\/\/przedszkole4dzialdowo.pl\/#website\",\"url\":\"https:\/\/przedszkole4dzialdowo.pl\/\",\"name\":\"sp4dzialdowo.pl\",\"description\":\"\",\"publisher\":{\"@id\":\"https:\/\/przedszkole4dzialdowo.pl\/#organization\"},\"potentialAction\":[{\"@type\":\"SearchAction\",\"target\":{\"@type\":\"EntryPoint\",\"urlTemplate\":\"https:\/\/przedszkole4dzialdowo.pl\/?s={search_term_string}\"},\"query-input\":\"required name=search_term_string\"}],\"inLanguage\":\"pl-PL\"},{\"@type\":\"WebPage\",\"@id\":\"https:\/\/przedszkole4dzialdowo.pl\/?page_id=3736#webpage\",\"url\":\"https:\/\/przedszkole4dzialdowo.pl\/?page_id=3736\",\"name\":\"Sukcesy 2024\/2025 - przedszkole4dzialdowo.pl\",\"isPartOf\":{\"@id\":\"https:\/\/przedszkole4dzialdowo.pl\/#website\"},\"datePublished\":\"2026-02-25T14:21:37+00:00\",\"dateModified\":\"2026-02-25T14:30:09+00:00\",\"breadcrumb\":{\"@id\":\"https:\/\/przedszkole4dzialdowo.pl\/?page_id=3736#breadcrumb\"},\"inLanguage\":\"pl-PL\",\"potentialAction\":[{\"@type\":\"ReadAction\",\"target\":[\"https:\/\/przedszkole4dzialdowo.pl\/?page_id=3736\"]}]},{\"@type\":\"BreadcrumbList\",\"@id\":\"https:\/\/przedszkole4dzialdowo.pl\/?page_id=3736#breadcrumb\",\"itemListElement\":[{\"@type\":\"ListItem\",\"position\":1,\"name\":\"Strona g\u0142\u00f3wna\",\"item\":\"https:\/\/przedszkole4dzialdowo.pl\/\"},{\"@type\":\"ListItem\",\"position\":2,\"name\":\"Sukcesy 2024\/2025\"}]}]}<\/script>\n<!-- \/ Yoast SEO plugin. -->","yoast_head_json":{"title":"Sukcesy 2024\/2025 - przedszkole4dzialdowo.pl","robots":{"index":"index","follow":"follow","max-snippet":"max-snippet:-1","max-image-preview":"max-image-preview:large","max-video-preview":"max-video-preview:-1"},"canonical":"https:\/\/przedszkole4dzialdowo.pl\/?page_id=3736","og_locale":"pl_PL","og_type":"article","og_title":"Sukcesy 2024\/2025 - przedszkole4dzialdowo.pl","og_description":"Lp. Imi\u0119 i nazwisko Grupa Miejsce Sukces mi\u0119dzyprzedszkolny 1. Apolonia Psiuk VII I I like english \u00a0\u2013 II Mi\u0119dzyprzedszkolny Konkurs J\u0119z. Ang. \u2013 org. Przedszkole Umisia 2. Hanna K\u0142os VI I Najpi\u0119kniejsza palma wielkanocna \u2013 konkurs plastyczny \u2013 org. Przedszkole Krasnoludek 3. Dru\u017cyna z gr. IV i VIII IV\u00a0 VIII I Dzia\u0142dowska Olimpiada Przedszkolak\u00f3w \u2013 [&hellip;]","og_url":"https:\/\/przedszkole4dzialdowo.pl\/?page_id=3736","og_site_name":"przedszkole4dzialdowo.pl","article_publisher":"https:\/\/www.facebook.com\/sp4dzialdowo\/","article_modified_time":"2026-02-25T14:30:09+00:00","twitter_card":"summary_large_image","twitter_misc":{"Szacowany czas czytania":"3 minuty"},"schema":{"@context":"https:\/\/schema.org","@graph":[{"@type":"Organization","@id":"https:\/\/przedszkole4dzialdowo.pl\/#organization","name":"Szko\u0142a Podstawowa nr 4 im. Jana Paw\u0142a II w Dzia\u0142dowie","url":"https:\/\/przedszkole4dzialdowo.pl\/","sameAs":["https:\/\/www.facebook.com\/sp4dzialdowo\/"],"logo":{"@type":"ImageObject","@id":"https:\/\/przedszkole4dzialdowo.pl\/#logo","inLanguage":"pl-PL","url":"https:\/\/przedszkole4dzialdowo.pl\/wp-content\/uploads\/2021\/01\/cropped-LOGOWKOLE2.png","contentUrl":"https:\/\/przedszkole4dzialdowo.pl\/wp-content\/uploads\/2021\/01\/cropped-LOGOWKOLE2.png","width":512,"height":512,"caption":"Szko\u0142a Podstawowa nr 4 im. Jana Paw\u0142a II w Dzia\u0142dowie"},"image":{"@id":"https:\/\/przedszkole4dzialdowo.pl\/#logo"}},{"@type":"WebSite","@id":"https:\/\/przedszkole4dzialdowo.pl\/#website","url":"https:\/\/przedszkole4dzialdowo.pl\/","name":"sp4dzialdowo.pl","description":"","publisher":{"@id":"https:\/\/przedszkole4dzialdowo.pl\/#organization"},"potentialAction":[{"@type":"SearchAction","target":{"@type":"EntryPoint","urlTemplate":"https:\/\/przedszkole4dzialdowo.pl\/?s={search_term_string}"},"query-input":"required name=search_term_string"}],"inLanguage":"pl-PL"},{"@type":"WebPage","@id":"https:\/\/przedszkole4dzialdowo.pl\/?page_id=3736#webpage","url":"https:\/\/przedszkole4dzialdowo.pl\/?page_id=3736","name":"Sukcesy 2024\/2025 - przedszkole4dzialdowo.pl","isPartOf":{"@id":"https:\/\/przedszkole4dzialdowo.pl\/#website"},"datePublished":"2026-02-25T14:21:37+00:00","dateModified":"2026-02-25T14:30:09+00:00","breadcrumb":{"@id":"https:\/\/przedszkole4dzialdowo.pl\/?page_id=3736#breadcrumb"},"inLanguage":"pl-PL","potentialAction":[{"@type":"ReadAction","target":["https:\/\/przedszkole4dzialdowo.pl\/?page_id=3736"]}]},{"@type":"BreadcrumbList","@id":"https:\/\/przedszkole4dzialdowo.pl\/?page_id=3736#breadcrumb","itemListElement":[{"@type":"ListItem","position":1,"name":"Strona g\u0142\u00f3wna","item":"https:\/\/przedszkole4dzialdowo.pl\/"},{"@type":"ListItem","position":2,"name":"Sukcesy 2024\/2025"}]}]}},"_links":{"self":[{"href":"https:\/\/przedszkole4dzialdowo.pl\/index.php?rest_route=\/wp\/v2\/pages\/3736"}],"collection":[{"href":"https:\/\/przedszkole4dzialdowo.pl\/index.php?rest_route=\/wp\/v2\/pages"}],"about":[{"href":"https:\/\/przedszkole4dzialdowo.pl\/index.php?rest_route=\/wp\/v2\/types\/page"}],"author":[{"embeddable":true,"href":"https:\/\/przedszkole4dzialdowo.pl\/index.php?rest_route=\/wp\/v2\/users\/2"}],"replies":[{"embeddable":true,"href":"https:\/\/przedszkole4dzialdowo.pl\/index.php?rest_route=%2Fwp%2Fv2%2Fcomments&post=3736"}],"version-history":[{"count":10,"href":"https:\/\/przedszkole4dzialdowo.pl\/index.php?rest_route=\/wp\/v2\/pages\/3736\/revisions"}],"predecessor-version":[{"id":3747,"href":"https:\/\/przedszkole4dzialdowo.pl\/index.php?rest_route=\/wp\/v2\/pages\/3736\/revisions\/3747"}],"wp:attachment":[{"href":"https:\/\/przedszkole4dzialdowo.pl\/index.php?rest_route=%2Fwp%2Fv2%2Fmedia&parent=3736"}],"curies":[{"name":"wp","href":"https:\/\/api.w.org\/{rel}","templated":true}]}}