{"id":3658,"date":"2026-02-19T21:33:15","date_gmt":"2026-02-19T20:33:15","guid":{"rendered":"https:\/\/przedszkole4dzialdowo.pl\/?page_id=3658"},"modified":"2026-02-27T13:54:00","modified_gmt":"2026-02-27T12:54:00","slug":"rekrutacja-2026-2027","status":"publish","type":"page","link":"https:\/\/przedszkole4dzialdowo.pl\/?page_id=3658","title":{"rendered":"Rekrutacja 2026\/2027"},"content":{"rendered":"\n<p><strong>REKRUTACJA&nbsp;<\/strong> na rok szkolny 2026\/2027 odbywa\u0107 si\u0119 b\u0119dzie w dniach <strong>23.02.2026 r. do&nbsp; 15.03.2026 r.<\/strong> W pierwszym post\u0119powaniu rekrutacyjnym do przedszkola przyjmuje si\u0119 kandydat\u00f3w zamieszka\u0142ych na terenie Gminy-Miasta Dzia\u0142dowo <strong>Rodzicu\/prawny opiekunie!<\/strong> <br><br><strong>Zapoznaj si\u0119 z  dokumentami:<\/strong><\/p>\n\n\n\n<p><u><a href=\"https:\/\/przedszkole4dzialdowo.pl\/wp-content\/uploads\/2026\/02\/Terminy-rekrutacji-do-przedszkoli-publicznych.pdf\">Terminy rekrutacji do publicznych przedszkoli na rok szkolny 2026\/2027<\/a><\/u><\/p>\n\n\n\n<p><u><a href=\"https:\/\/przedszkole4dzialdowo.pl\/wp-content\/uploads\/2026\/02\/Zasady-rekrutacji-do-publicznych-przedszkoli-prowadzonych-przez-Gmine-2026-_2027.pdf\">Zasady rekrutacji do publicznych przedszkoli prowadzonych przez Gmin\u0119 2026\/2027<\/a><\/u><\/p>\n\n\n\n<p><a href=\"https:\/\/przedszkole4dzialdowo.pl\/wp-content\/uploads\/2026\/02\/instrukcja-podpisywania-podpisem-zaufanym-przez-profil-zaufany.pdf\">Instrukcja podpisywania podpisem zaufanym<\/a><\/p>\n\n\n\n<ol><li>Wejd\u017a na stron\u0119&nbsp;<a href=\"https:\/\/nabor.pcss.pl\/dzialdowo\/przedszkole\/\">https:\/\/nabor.pcss.pl\/dzialdowo\/przedszkole\/<\/a><\/li><li>Wybierz zak\u0142adk\u0119&nbsp;<strong>wniosek<\/strong><\/li><li>Wype\u0142nij, zapisz, wydrukuj i podpisz<\/li><li>Przynie\u015b wniosek wraz z za\u0142\u0105cznikami do przedszkola pierwszego wyboru najp\u00f3\u017aniej<br><strong><u>do 18.03.2026 r. do godz. 15.00<\/u><\/strong><\/li><\/ol>\n\n\n\n<p>Istnieje mo\u017cliwo\u015b\u0107 podpisania wniosku oraz niezb\u0119dnych o\u015bwiadcze\u0144 potwierdzaj\u0105cych spe\u0142nianie kryteri\u00f3w&nbsp;<strong>podpisem zaufanym<\/strong>&nbsp;(patrz instrukcja podpisywania podpisem zaufanym przez profil zaufany) i przes\u0142anie bezpo\u015brednio przez platform\u0119 rekrutacyjn\u0105, w\u00f3wczas nie ma konieczno\u015bci sk\u0142adania wersji papierowej najp\u00f3\u017aniej&nbsp;<strong><u>do 15.03.2026 r.<\/u><\/strong><\/p>\n\n\n\n<p>&nbsp;<strong>Za\u0142\u0105czniki:<\/strong><\/p>\n\n\n\n<ol><li><a href=\"https:\/\/przedszkole4dzialdowo.pl\/wp-content\/uploads\/2026\/02\/Oswiadczenie-nr-1_o-sytuacji-rodzinnej_przedszkole.pdf\">O\u015bwiadczenie nr 1 \u2013 o sytuacji rodzinnej<\/a><\/li><li><a href=\"https:\/\/przedszkole4dzialdowo.pl\/wp-content\/uploads\/2026\/02\/Oswiadczenie-nr-2_informujace-o-wielodzietnosci-rodziny-kandydata-przedszkole.pdf\">O\u015bwiadczenie nr 2 \u2013 o wielodzietno\u015bci rodziny dziecka<\/a><\/li><li><a href=\"https:\/\/przedszkole4dzialdowo.pl\/wp-content\/uploads\/2026\/02\/Oswiadczenie-nr-3_o-samotnym-wychowaniu-dziecka-przedszkole.pdf\">O\u015bwiadczenie nr 3 \u2013 o samotnym wychowywaniu<\/a><\/li><li><a href=\"https:\/\/przedszkole4dzialdowo.pl\/wp-content\/uploads\/2026\/02\/Oswiadczenie-nr-4_informujace-o-potrzebach-dzieka_przedszkole.pdf\">O\u015bwiadczenie nr 4 \u2013 o posiadaniu orzeczenia o potrzebie kszta\u0142cenia specjalnego lub opinii poradni psychologiczno-pedagogicznej<\/a><\/li><li><a href=\"https:\/\/przedszkole4dzialdowo.pl\/wp-content\/uploads\/2026\/02\/Oswiadczenie-nr-5_wyrazenie-woli-przyjecia-do-wybranego-przedszkola.pdf\">O\u015bwiadczenie nr 5 \u2013 wyra\u017cenie woli<\/a><\/li><\/ol>\n\n\n\n<p><strong>Lista dzieci zakwalifikowanych i niezakwalifikowanych do Przedszkola nr 4 zostanie udost\u0119pniona 14.04.2026 r. o godz.12.00<\/strong> <strong>Potwierdzenie woli (o\u015bwiadczenie nr 5) przyjmowane b\u0119d\u0105 od 14.04.2026 r.&nbsp; do 23.04.2026 r. do godz. 15.00<\/strong><\/p>\n\n\n\n<p><strong>Lista dzieci przyj\u0119tych i nieprzyj\u0119tych do Przedszkola nr 4 zostanie udost\u0119pniona<br>27.04.2026 r. o godz. 12.00<\/strong><\/p>\n","protected":false},"excerpt":{"rendered":"<p>REKRUTACJA&nbsp; na rok szkolny 2026\/2027 odbywa\u0107 si\u0119 b\u0119dzie w dniach 23.02.2026 r. do&nbsp; 15.03.2026 r. W pierwszym post\u0119powaniu rekrutacyjnym do przedszkola przyjmuje si\u0119 kandydat\u00f3w zamieszka\u0142ych na terenie Gminy-Miasta Dzia\u0142dowo Rodzicu\/prawny opiekunie! Zapoznaj si\u0119 z dokumentami: Terminy rekrutacji do publicznych przedszkoli na rok szkolny 2026\/2027 Zasady rekrutacji do publicznych przedszkoli prowadzonych przez Gmin\u0119 2026\/2027 Instrukcja podpisywania [&hellip;]<\/p>\n","protected":false},"author":2,"featured_media":0,"parent":0,"menu_order":0,"comment_status":"closed","ping_status":"closed","template":"","meta":{"ngg_post_thumbnail":0},"yoast_head":"<!-- This site is optimized with the Yoast SEO plugin v18.2 - https:\/\/yoast.com\/wordpress\/plugins\/seo\/ -->\n<title>Rekrutacja 2026\/2027 - przedszkole4dzialdowo.pl<\/title>\n<meta name=\"robots\" content=\"index, follow, max-snippet:-1, max-image-preview:large, max-video-preview:-1\" \/>\n<link rel=\"canonical\" href=\"https:\/\/przedszkole4dzialdowo.pl\/?page_id=3658\" \/>\n<meta property=\"og:locale\" content=\"pl_PL\" \/>\n<meta property=\"og:type\" content=\"article\" \/>\n<meta property=\"og:title\" content=\"Rekrutacja 2026\/2027 - przedszkole4dzialdowo.pl\" \/>\n<meta property=\"og:description\" content=\"REKRUTACJA&nbsp; na rok szkolny 2026\/2027 odbywa\u0107 si\u0119 b\u0119dzie w dniach 23.02.2026 r. do&nbsp; 15.03.2026 r. W pierwszym post\u0119powaniu rekrutacyjnym do przedszkola przyjmuje si\u0119 kandydat\u00f3w zamieszka\u0142ych na terenie Gminy-Miasta Dzia\u0142dowo Rodzicu\/prawny opiekunie! Zapoznaj si\u0119 z dokumentami: Terminy rekrutacji do publicznych przedszkoli na rok szkolny 2026\/2027 Zasady rekrutacji do publicznych przedszkoli prowadzonych przez Gmin\u0119 2026\/2027 Instrukcja podpisywania [&hellip;]\" \/>\n<meta property=\"og:url\" content=\"https:\/\/przedszkole4dzialdowo.pl\/?page_id=3658\" \/>\n<meta property=\"og:site_name\" content=\"przedszkole4dzialdowo.pl\" \/>\n<meta property=\"article:publisher\" content=\"https:\/\/www.facebook.com\/sp4dzialdowo\/\" \/>\n<meta property=\"article:modified_time\" content=\"2026-02-27T12:54:00+00:00\" \/>\n<meta name=\"twitter:card\" content=\"summary_large_image\" \/>\n<meta name=\"twitter:label1\" content=\"Szacowany czas czytania\" \/>\n\t<meta name=\"twitter:data1\" content=\"2 minuty\" \/>\n<script type=\"application\/ld+json\" class=\"yoast-schema-graph\">{\"@context\":\"https:\/\/schema.org\",\"@graph\":[{\"@type\":\"Organization\",\"@id\":\"https:\/\/przedszkole4dzialdowo.pl\/#organization\",\"name\":\"Szko\u0142a Podstawowa nr 4 im. Jana Paw\u0142a II w Dzia\u0142dowie\",\"url\":\"https:\/\/przedszkole4dzialdowo.pl\/\",\"sameAs\":[\"https:\/\/www.facebook.com\/sp4dzialdowo\/\"],\"logo\":{\"@type\":\"ImageObject\",\"@id\":\"https:\/\/przedszkole4dzialdowo.pl\/#logo\",\"inLanguage\":\"pl-PL\",\"url\":\"https:\/\/przedszkole4dzialdowo.pl\/wp-content\/uploads\/2021\/01\/cropped-LOGOWKOLE2.png\",\"contentUrl\":\"https:\/\/przedszkole4dzialdowo.pl\/wp-content\/uploads\/2021\/01\/cropped-LOGOWKOLE2.png\",\"width\":512,\"height\":512,\"caption\":\"Szko\u0142a Podstawowa nr 4 im. Jana Paw\u0142a II w Dzia\u0142dowie\"},\"image\":{\"@id\":\"https:\/\/przedszkole4dzialdowo.pl\/#logo\"}},{\"@type\":\"WebSite\",\"@id\":\"https:\/\/przedszkole4dzialdowo.pl\/#website\",\"url\":\"https:\/\/przedszkole4dzialdowo.pl\/\",\"name\":\"sp4dzialdowo.pl\",\"description\":\"\",\"publisher\":{\"@id\":\"https:\/\/przedszkole4dzialdowo.pl\/#organization\"},\"potentialAction\":[{\"@type\":\"SearchAction\",\"target\":{\"@type\":\"EntryPoint\",\"urlTemplate\":\"https:\/\/przedszkole4dzialdowo.pl\/?s={search_term_string}\"},\"query-input\":\"required name=search_term_string\"}],\"inLanguage\":\"pl-PL\"},{\"@type\":\"WebPage\",\"@id\":\"https:\/\/przedszkole4dzialdowo.pl\/?page_id=3658#webpage\",\"url\":\"https:\/\/przedszkole4dzialdowo.pl\/?page_id=3658\",\"name\":\"Rekrutacja 2026\/2027 - przedszkole4dzialdowo.pl\",\"isPartOf\":{\"@id\":\"https:\/\/przedszkole4dzialdowo.pl\/#website\"},\"datePublished\":\"2026-02-19T20:33:15+00:00\",\"dateModified\":\"2026-02-27T12:54:00+00:00\",\"breadcrumb\":{\"@id\":\"https:\/\/przedszkole4dzialdowo.pl\/?page_id=3658#breadcrumb\"},\"inLanguage\":\"pl-PL\",\"potentialAction\":[{\"@type\":\"ReadAction\",\"target\":[\"https:\/\/przedszkole4dzialdowo.pl\/?page_id=3658\"]}]},{\"@type\":\"BreadcrumbList\",\"@id\":\"https:\/\/przedszkole4dzialdowo.pl\/?page_id=3658#breadcrumb\",\"itemListElement\":[{\"@type\":\"ListItem\",\"position\":1,\"name\":\"Strona g\u0142\u00f3wna\",\"item\":\"https:\/\/przedszkole4dzialdowo.pl\/\"},{\"@type\":\"ListItem\",\"position\":2,\"name\":\"Rekrutacja 2026\/2027\"}]}]}<\/script>\n<!-- \/ Yoast SEO plugin. -->","yoast_head_json":{"title":"Rekrutacja 2026\/2027 - przedszkole4dzialdowo.pl","robots":{"index":"index","follow":"follow","max-snippet":"max-snippet:-1","max-image-preview":"max-image-preview:large","max-video-preview":"max-video-preview:-1"},"canonical":"https:\/\/przedszkole4dzialdowo.pl\/?page_id=3658","og_locale":"pl_PL","og_type":"article","og_title":"Rekrutacja 2026\/2027 - przedszkole4dzialdowo.pl","og_description":"REKRUTACJA&nbsp; na rok szkolny 2026\/2027 odbywa\u0107 si\u0119 b\u0119dzie w dniach 23.02.2026 r. do&nbsp; 15.03.2026 r. W pierwszym post\u0119powaniu rekrutacyjnym do przedszkola przyjmuje si\u0119 kandydat\u00f3w zamieszka\u0142ych na terenie Gminy-Miasta Dzia\u0142dowo Rodzicu\/prawny opiekunie! Zapoznaj si\u0119 z dokumentami: Terminy rekrutacji do publicznych przedszkoli na rok szkolny 2026\/2027 Zasady rekrutacji do publicznych przedszkoli prowadzonych przez Gmin\u0119 2026\/2027 Instrukcja podpisywania [&hellip;]","og_url":"https:\/\/przedszkole4dzialdowo.pl\/?page_id=3658","og_site_name":"przedszkole4dzialdowo.pl","article_publisher":"https:\/\/www.facebook.com\/sp4dzialdowo\/","article_modified_time":"2026-02-27T12:54:00+00:00","twitter_card":"summary_large_image","twitter_misc":{"Szacowany czas czytania":"2 minuty"},"schema":{"@context":"https:\/\/schema.org","@graph":[{"@type":"Organization","@id":"https:\/\/przedszkole4dzialdowo.pl\/#organization","name":"Szko\u0142a Podstawowa nr 4 im. Jana Paw\u0142a II w Dzia\u0142dowie","url":"https:\/\/przedszkole4dzialdowo.pl\/","sameAs":["https:\/\/www.facebook.com\/sp4dzialdowo\/"],"logo":{"@type":"ImageObject","@id":"https:\/\/przedszkole4dzialdowo.pl\/#logo","inLanguage":"pl-PL","url":"https:\/\/przedszkole4dzialdowo.pl\/wp-content\/uploads\/2021\/01\/cropped-LOGOWKOLE2.png","contentUrl":"https:\/\/przedszkole4dzialdowo.pl\/wp-content\/uploads\/2021\/01\/cropped-LOGOWKOLE2.png","width":512,"height":512,"caption":"Szko\u0142a Podstawowa nr 4 im. Jana Paw\u0142a II w Dzia\u0142dowie"},"image":{"@id":"https:\/\/przedszkole4dzialdowo.pl\/#logo"}},{"@type":"WebSite","@id":"https:\/\/przedszkole4dzialdowo.pl\/#website","url":"https:\/\/przedszkole4dzialdowo.pl\/","name":"sp4dzialdowo.pl","description":"","publisher":{"@id":"https:\/\/przedszkole4dzialdowo.pl\/#organization"},"potentialAction":[{"@type":"SearchAction","target":{"@type":"EntryPoint","urlTemplate":"https:\/\/przedszkole4dzialdowo.pl\/?s={search_term_string}"},"query-input":"required name=search_term_string"}],"inLanguage":"pl-PL"},{"@type":"WebPage","@id":"https:\/\/przedszkole4dzialdowo.pl\/?page_id=3658#webpage","url":"https:\/\/przedszkole4dzialdowo.pl\/?page_id=3658","name":"Rekrutacja 2026\/2027 - przedszkole4dzialdowo.pl","isPartOf":{"@id":"https:\/\/przedszkole4dzialdowo.pl\/#website"},"datePublished":"2026-02-19T20:33:15+00:00","dateModified":"2026-02-27T12:54:00+00:00","breadcrumb":{"@id":"https:\/\/przedszkole4dzialdowo.pl\/?page_id=3658#breadcrumb"},"inLanguage":"pl-PL","potentialAction":[{"@type":"ReadAction","target":["https:\/\/przedszkole4dzialdowo.pl\/?page_id=3658"]}]},{"@type":"BreadcrumbList","@id":"https:\/\/przedszkole4dzialdowo.pl\/?page_id=3658#breadcrumb","itemListElement":[{"@type":"ListItem","position":1,"name":"Strona g\u0142\u00f3wna","item":"https:\/\/przedszkole4dzialdowo.pl\/"},{"@type":"ListItem","position":2,"name":"Rekrutacja 2026\/2027"}]}]}},"_links":{"self":[{"href":"https:\/\/przedszkole4dzialdowo.pl\/index.php?rest_route=\/wp\/v2\/pages\/3658"}],"collection":[{"href":"https:\/\/przedszkole4dzialdowo.pl\/index.php?rest_route=\/wp\/v2\/pages"}],"about":[{"href":"https:\/\/przedszkole4dzialdowo.pl\/index.php?rest_route=\/wp\/v2\/types\/page"}],"author":[{"embeddable":true,"href":"https:\/\/przedszkole4dzialdowo.pl\/index.php?rest_route=\/wp\/v2\/users\/2"}],"replies":[{"embeddable":true,"href":"https:\/\/przedszkole4dzialdowo.pl\/index.php?rest_route=%2Fwp%2Fv2%2Fcomments&post=3658"}],"version-history":[{"count":4,"href":"https:\/\/przedszkole4dzialdowo.pl\/index.php?rest_route=\/wp\/v2\/pages\/3658\/revisions"}],"predecessor-version":[{"id":3818,"href":"https:\/\/przedszkole4dzialdowo.pl\/index.php?rest_route=\/wp\/v2\/pages\/3658\/revisions\/3818"}],"wp:attachment":[{"href":"https:\/\/przedszkole4dzialdowo.pl\/index.php?rest_route=%2Fwp%2Fv2%2Fmedia&parent=3658"}],"curies":[{"name":"wp","href":"https:\/\/api.w.org\/{rel}","templated":true}]}}