{"id":3655,"date":"2026-02-19T21:27:49","date_gmt":"2026-02-19T20:27:49","guid":{"rendered":"https:\/\/przedszkole4dzialdowo.pl\/?page_id=3655"},"modified":"2026-02-25T19:47:31","modified_gmt":"2026-02-25T18:47:31","slug":"rada-rodzicow-2","status":"publish","type":"page","link":"https:\/\/przedszkole4dzialdowo.pl\/?page_id=3655","title":{"rendered":"Rada rodzic\u00f3w"},"content":{"rendered":"\t\t<div data-elementor-type=\"wp-page\" data-elementor-id=\"3655\" class=\"elementor elementor-3655\">\n\t\t\t\t\t\t<div class=\"elementor-inner\">\n\t\t\t\t<div class=\"elementor-section-wrap\">\n\t\t\t\t\t\t\t\t\t<section class=\"elementor-section elementor-top-section elementor-element elementor-element-5c5d4e44 elementor-section-boxed elementor-section-height-default elementor-section-height-default\" data-id=\"5c5d4e44\" data-element_type=\"section\">\n\t\t\t\t\t\t<div class=\"elementor-container elementor-column-gap-default\">\n\t\t\t\t\t\t\t<div class=\"elementor-row\">\n\t\t\t\t\t<div class=\"elementor-column elementor-col-100 elementor-top-column elementor-element elementor-element-399da000\" data-id=\"399da000\" data-element_type=\"column\">\n\t\t\t<div class=\"elementor-column-wrap elementor-element-populated\">\n\t\t\t\t\t\t\t<div class=\"elementor-widget-wrap\">\n\t\t\t\t\t\t<div class=\"elementor-element elementor-element-2d110c2f elementor-widget elementor-widget-text-editor\" data-id=\"2d110c2f\" data-element_type=\"widget\" data-widget_type=\"text-editor.default\">\n\t\t\t\t<div class=\"elementor-widget-container\">\n\t\t\t\t\t\t\t\t<div class=\"elementor-text-editor elementor-clearfix\">\n\t\t\t\t<p><!-- wp:heading {\"level\":3} --><\/p>\n<p>Przedszkole coraz cz\u0119\u015bciej postrzegane jest jako instytucja o demokratycznej strukturze, \u015bci\u015ble wsp\u00f3\u0142pracuj\u0105ca z rodzin\u0105. Wp\u0142yw na wzrost roli i pozycji rodzic\u00f3w w przedszkolu maj\u0105: rosn\u0105ce potrzeby spo\u0142eczne, demokratyzacja \u017cycia, wi\u0119ksza konkurencja na rynku, uregulowania prawne dotycz\u0105ce funkcjonowania w przedszkolu cia\u0142 spo\u0142ecznych-takich jak rada rodzic\u00f3w.<\/p>\n<p><!-- \/wp:paragraph --><\/p>\n<p><!-- wp:paragraph --><\/p>\n<h3><strong>Sk\u0142adka na Rad\u0119 Rodzic\u00f3w :<\/strong><\/h3>\n<p><!-- \/wp:paragraph --><\/p>\n<p><!-- wp:paragraph --><\/p>\n<p>150 z\u0142 na pierwsze dziecko,<\/p>\n<p><!-- \/wp:paragraph --><\/p>\n<p><!-- wp:paragraph --><\/p>\n<p>130 z\u0142o na drugie dziecko,<\/p>\n<p><!-- \/wp:paragraph --><\/p>\n<p><!-- wp:paragraph --><\/p>\n<p>110 z\u0142 na trzecie dziecko w przedszkolu<\/p>\n<p><!-- \/wp:paragraph --><\/p>\n<p><!-- wp:paragraph --><\/p>\n<p>NUMER KONTA RADY RODZIC\u00d3W:<\/p>\n<p><!-- \/wp:paragraph --><\/p>\n<p><!-- wp:paragraph --><\/p>\n<p>Bank Sp\u00f3\u0142dzielczy Dzia\u0142dowo&nbsp;<strong>10 8215 1029 2002 0031 3243 0001<\/strong><\/p>\n<h3>Sk\u0142ad Rady Rodzic\u00f3w:<\/h3>\n<p>Pani Milena Pawelska&nbsp; &#8211; Przewodnicz\u0105ca<\/p>\n<p>Pani Emilia R\u0119bowska &#8211; zast\u0119pca<\/p>\n<p>Pani Katarzyna Plewa &#8211; sekretarz<\/p>\n<p><!-- \/wp:paragraph --><\/p>\n<p><!-- wp:paragraph --><\/p>\n<p><!-- \/wp:paragraph --><\/p>\n<p><!-- wp:heading {\"textAlign\":\"center\",\"level\":3} --><\/p>\n<p><!-- \/wp:heading --><\/p>\n<p><!-- wp:heading {\"textAlign\":\"center\",\"level\":4} --><\/p>\n<p><\/p>\n<p><!-- \/wp:heading --><\/p>\t\t\t\t\t<\/div>\n\t\t\t\t\t\t<\/div>\n\t\t\t\t<\/div>\n\t\t\t\t\t\t<\/div>\n\t\t\t\t\t<\/div>\n\t\t<\/div>\n\t\t\t\t\t\t\t\t<\/div>\n\t\t\t\t\t<\/div>\n\t\t<\/section>\n\t\t\t\t\t\t\t\t\t<\/div>\n\t\t\t<\/div>\n\t\t\t\t\t<\/div>\n\t\t","protected":false},"excerpt":{"rendered":"<p>Przedszkole coraz cz\u0119\u015bciej postrzegane jest jako instytucja o demokratycznej strukturze, \u015bci\u015ble wsp\u00f3\u0142pracuj\u0105ca z rodzin\u0105. Wp\u0142yw na wzrost roli i pozycji rodzic\u00f3w w przedszkolu maj\u0105: rosn\u0105ce potrzeby spo\u0142eczne, demokratyzacja \u017cycia, wi\u0119ksza konkurencja na rynku, uregulowania prawne dotycz\u0105ce funkcjonowania w przedszkolu cia\u0142 spo\u0142ecznych-takich jak rada rodzic\u00f3w. Sk\u0142adka na Rad\u0119 Rodzic\u00f3w : 150 z\u0142 na pierwsze dziecko, 130 [&hellip;]<\/p>\n","protected":false},"author":2,"featured_media":0,"parent":0,"menu_order":0,"comment_status":"closed","ping_status":"closed","template":"","meta":{"ngg_post_thumbnail":0},"yoast_head":"<!-- This site is optimized with the Yoast SEO plugin v18.2 - https:\/\/yoast.com\/wordpress\/plugins\/seo\/ -->\n<title>Rada rodzic\u00f3w - przedszkole4dzialdowo.pl<\/title>\n<meta name=\"robots\" content=\"index, follow, max-snippet:-1, max-image-preview:large, max-video-preview:-1\" \/>\n<link rel=\"canonical\" href=\"https:\/\/przedszkole4dzialdowo.pl\/?page_id=3655\" \/>\n<meta property=\"og:locale\" content=\"pl_PL\" \/>\n<meta property=\"og:type\" content=\"article\" \/>\n<meta property=\"og:title\" content=\"Rada rodzic\u00f3w - przedszkole4dzialdowo.pl\" \/>\n<meta property=\"og:description\" content=\"Przedszkole coraz cz\u0119\u015bciej postrzegane jest jako instytucja o demokratycznej strukturze, \u015bci\u015ble wsp\u00f3\u0142pracuj\u0105ca z rodzin\u0105. Wp\u0142yw na wzrost roli i pozycji rodzic\u00f3w w przedszkolu maj\u0105: rosn\u0105ce potrzeby spo\u0142eczne, demokratyzacja \u017cycia, wi\u0119ksza konkurencja na rynku, uregulowania prawne dotycz\u0105ce funkcjonowania w przedszkolu cia\u0142 spo\u0142ecznych-takich jak rada rodzic\u00f3w. Sk\u0142adka na Rad\u0119 Rodzic\u00f3w : 150 z\u0142 na pierwsze dziecko, 130 [&hellip;]\" \/>\n<meta property=\"og:url\" content=\"https:\/\/przedszkole4dzialdowo.pl\/?page_id=3655\" \/>\n<meta property=\"og:site_name\" content=\"przedszkole4dzialdowo.pl\" \/>\n<meta property=\"article:publisher\" content=\"https:\/\/www.facebook.com\/sp4dzialdowo\/\" \/>\n<meta property=\"article:modified_time\" content=\"2026-02-25T18:47:31+00:00\" \/>\n<meta name=\"twitter:card\" content=\"summary_large_image\" \/>\n<meta name=\"twitter:label1\" content=\"Szacowany czas czytania\" \/>\n\t<meta name=\"twitter:data1\" content=\"1 minuta\" \/>\n<script type=\"application\/ld+json\" class=\"yoast-schema-graph\">{\"@context\":\"https:\/\/schema.org\",\"@graph\":[{\"@type\":\"Organization\",\"@id\":\"https:\/\/przedszkole4dzialdowo.pl\/#organization\",\"name\":\"Szko\u0142a Podstawowa nr 4 im. Jana Paw\u0142a II w Dzia\u0142dowie\",\"url\":\"https:\/\/przedszkole4dzialdowo.pl\/\",\"sameAs\":[\"https:\/\/www.facebook.com\/sp4dzialdowo\/\"],\"logo\":{\"@type\":\"ImageObject\",\"@id\":\"https:\/\/przedszkole4dzialdowo.pl\/#logo\",\"inLanguage\":\"pl-PL\",\"url\":\"https:\/\/przedszkole4dzialdowo.pl\/wp-content\/uploads\/2021\/01\/cropped-LOGOWKOLE2.png\",\"contentUrl\":\"https:\/\/przedszkole4dzialdowo.pl\/wp-content\/uploads\/2021\/01\/cropped-LOGOWKOLE2.png\",\"width\":512,\"height\":512,\"caption\":\"Szko\u0142a Podstawowa nr 4 im. Jana Paw\u0142a II w Dzia\u0142dowie\"},\"image\":{\"@id\":\"https:\/\/przedszkole4dzialdowo.pl\/#logo\"}},{\"@type\":\"WebSite\",\"@id\":\"https:\/\/przedszkole4dzialdowo.pl\/#website\",\"url\":\"https:\/\/przedszkole4dzialdowo.pl\/\",\"name\":\"sp4dzialdowo.pl\",\"description\":\"\",\"publisher\":{\"@id\":\"https:\/\/przedszkole4dzialdowo.pl\/#organization\"},\"potentialAction\":[{\"@type\":\"SearchAction\",\"target\":{\"@type\":\"EntryPoint\",\"urlTemplate\":\"https:\/\/przedszkole4dzialdowo.pl\/?s={search_term_string}\"},\"query-input\":\"required name=search_term_string\"}],\"inLanguage\":\"pl-PL\"},{\"@type\":\"WebPage\",\"@id\":\"https:\/\/przedszkole4dzialdowo.pl\/?page_id=3655#webpage\",\"url\":\"https:\/\/przedszkole4dzialdowo.pl\/?page_id=3655\",\"name\":\"Rada rodzic\u00f3w - przedszkole4dzialdowo.pl\",\"isPartOf\":{\"@id\":\"https:\/\/przedszkole4dzialdowo.pl\/#website\"},\"datePublished\":\"2026-02-19T20:27:49+00:00\",\"dateModified\":\"2026-02-25T18:47:31+00:00\",\"breadcrumb\":{\"@id\":\"https:\/\/przedszkole4dzialdowo.pl\/?page_id=3655#breadcrumb\"},\"inLanguage\":\"pl-PL\",\"potentialAction\":[{\"@type\":\"ReadAction\",\"target\":[\"https:\/\/przedszkole4dzialdowo.pl\/?page_id=3655\"]}]},{\"@type\":\"BreadcrumbList\",\"@id\":\"https:\/\/przedszkole4dzialdowo.pl\/?page_id=3655#breadcrumb\",\"itemListElement\":[{\"@type\":\"ListItem\",\"position\":1,\"name\":\"Strona g\u0142\u00f3wna\",\"item\":\"https:\/\/przedszkole4dzialdowo.pl\/\"},{\"@type\":\"ListItem\",\"position\":2,\"name\":\"Rada rodzic\u00f3w\"}]}]}<\/script>\n<!-- \/ Yoast SEO plugin. -->","yoast_head_json":{"title":"Rada rodzic\u00f3w - przedszkole4dzialdowo.pl","robots":{"index":"index","follow":"follow","max-snippet":"max-snippet:-1","max-image-preview":"max-image-preview:large","max-video-preview":"max-video-preview:-1"},"canonical":"https:\/\/przedszkole4dzialdowo.pl\/?page_id=3655","og_locale":"pl_PL","og_type":"article","og_title":"Rada rodzic\u00f3w - przedszkole4dzialdowo.pl","og_description":"Przedszkole coraz cz\u0119\u015bciej postrzegane jest jako instytucja o demokratycznej strukturze, \u015bci\u015ble wsp\u00f3\u0142pracuj\u0105ca z rodzin\u0105. Wp\u0142yw na wzrost roli i pozycji rodzic\u00f3w w przedszkolu maj\u0105: rosn\u0105ce potrzeby spo\u0142eczne, demokratyzacja \u017cycia, wi\u0119ksza konkurencja na rynku, uregulowania prawne dotycz\u0105ce funkcjonowania w przedszkolu cia\u0142 spo\u0142ecznych-takich jak rada rodzic\u00f3w. Sk\u0142adka na Rad\u0119 Rodzic\u00f3w : 150 z\u0142 na pierwsze dziecko, 130 [&hellip;]","og_url":"https:\/\/przedszkole4dzialdowo.pl\/?page_id=3655","og_site_name":"przedszkole4dzialdowo.pl","article_publisher":"https:\/\/www.facebook.com\/sp4dzialdowo\/","article_modified_time":"2026-02-25T18:47:31+00:00","twitter_card":"summary_large_image","twitter_misc":{"Szacowany czas czytania":"1 minuta"},"schema":{"@context":"https:\/\/schema.org","@graph":[{"@type":"Organization","@id":"https:\/\/przedszkole4dzialdowo.pl\/#organization","name":"Szko\u0142a Podstawowa nr 4 im. Jana Paw\u0142a II w Dzia\u0142dowie","url":"https:\/\/przedszkole4dzialdowo.pl\/","sameAs":["https:\/\/www.facebook.com\/sp4dzialdowo\/"],"logo":{"@type":"ImageObject","@id":"https:\/\/przedszkole4dzialdowo.pl\/#logo","inLanguage":"pl-PL","url":"https:\/\/przedszkole4dzialdowo.pl\/wp-content\/uploads\/2021\/01\/cropped-LOGOWKOLE2.png","contentUrl":"https:\/\/przedszkole4dzialdowo.pl\/wp-content\/uploads\/2021\/01\/cropped-LOGOWKOLE2.png","width":512,"height":512,"caption":"Szko\u0142a Podstawowa nr 4 im. Jana Paw\u0142a II w Dzia\u0142dowie"},"image":{"@id":"https:\/\/przedszkole4dzialdowo.pl\/#logo"}},{"@type":"WebSite","@id":"https:\/\/przedszkole4dzialdowo.pl\/#website","url":"https:\/\/przedszkole4dzialdowo.pl\/","name":"sp4dzialdowo.pl","description":"","publisher":{"@id":"https:\/\/przedszkole4dzialdowo.pl\/#organization"},"potentialAction":[{"@type":"SearchAction","target":{"@type":"EntryPoint","urlTemplate":"https:\/\/przedszkole4dzialdowo.pl\/?s={search_term_string}"},"query-input":"required name=search_term_string"}],"inLanguage":"pl-PL"},{"@type":"WebPage","@id":"https:\/\/przedszkole4dzialdowo.pl\/?page_id=3655#webpage","url":"https:\/\/przedszkole4dzialdowo.pl\/?page_id=3655","name":"Rada rodzic\u00f3w - przedszkole4dzialdowo.pl","isPartOf":{"@id":"https:\/\/przedszkole4dzialdowo.pl\/#website"},"datePublished":"2026-02-19T20:27:49+00:00","dateModified":"2026-02-25T18:47:31+00:00","breadcrumb":{"@id":"https:\/\/przedszkole4dzialdowo.pl\/?page_id=3655#breadcrumb"},"inLanguage":"pl-PL","potentialAction":[{"@type":"ReadAction","target":["https:\/\/przedszkole4dzialdowo.pl\/?page_id=3655"]}]},{"@type":"BreadcrumbList","@id":"https:\/\/przedszkole4dzialdowo.pl\/?page_id=3655#breadcrumb","itemListElement":[{"@type":"ListItem","position":1,"name":"Strona g\u0142\u00f3wna","item":"https:\/\/przedszkole4dzialdowo.pl\/"},{"@type":"ListItem","position":2,"name":"Rada rodzic\u00f3w"}]}]}},"_links":{"self":[{"href":"https:\/\/przedszkole4dzialdowo.pl\/index.php?rest_route=\/wp\/v2\/pages\/3655"}],"collection":[{"href":"https:\/\/przedszkole4dzialdowo.pl\/index.php?rest_route=\/wp\/v2\/pages"}],"about":[{"href":"https:\/\/przedszkole4dzialdowo.pl\/index.php?rest_route=\/wp\/v2\/types\/page"}],"author":[{"embeddable":true,"href":"https:\/\/przedszkole4dzialdowo.pl\/index.php?rest_route=\/wp\/v2\/users\/2"}],"replies":[{"embeddable":true,"href":"https:\/\/przedszkole4dzialdowo.pl\/index.php?rest_route=%2Fwp%2Fv2%2Fcomments&post=3655"}],"version-history":[{"count":11,"href":"https:\/\/przedszkole4dzialdowo.pl\/index.php?rest_route=\/wp\/v2\/pages\/3655\/revisions"}],"predecessor-version":[{"id":3793,"href":"https:\/\/przedszkole4dzialdowo.pl\/index.php?rest_route=\/wp\/v2\/pages\/3655\/revisions\/3793"}],"wp:attachment":[{"href":"https:\/\/przedszkole4dzialdowo.pl\/index.php?rest_route=%2Fwp%2Fv2%2Fmedia&parent=3655"}],"curies":[{"name":"wp","href":"https:\/\/api.w.org\/{rel}","templated":true}]}}