{"id":3652,"date":"2026-02-19T21:24:50","date_gmt":"2026-02-19T20:24:50","guid":{"rendered":"https:\/\/przedszkole4dzialdowo.pl\/?page_id=3652"},"modified":"2026-02-19T21:24:52","modified_gmt":"2026-02-19T20:24:52","slug":"dziennik-elektroniczny","status":"publish","type":"page","link":"https:\/\/przedszkole4dzialdowo.pl\/?page_id=3652","title":{"rendered":"Dziennik elektroniczny"},"content":{"rendered":"\n<h3>Dziennik elektroniczny<\/h3>\n\n\n\n<p><strong>W naszej plac\u00f3wce funkcjonuje dziennik elektroniczny oraz system elektronicznego rejestrowania godzin pobytu dziecka w przedszkolu.<\/strong><\/p>\n\n\n\n<p><strong>Dziennik elektroniczny<\/strong>&nbsp;to spos\u00f3b&nbsp; zg\u0142aszania nieobecno\u015bci i \u015bledzenia frekwencji swojego dziecka, narz\u0119dzie do komunikacji&nbsp; z dyrekcj\u0105, nauczycielem, informacja o p\u0142atno\u015bciach za przedszkole, rozliczanie r\u00f3\u017cnego typu op\u0142at&nbsp; przedszkolnych z uwzgl\u0119dnieniem nadp\u0142at,&nbsp;&nbsp; zaleg\u0142o\u015bci, dofinansowa\u0144 do pobytu i \u017cywienia, prowadzenie dziennika zaj\u0119\u0107 przedszkolnych, arkuszy obserwacji dziecka, tworzenie r\u00f3\u017cnorodnych zestawie\u0144: danych dzieci, op\u0142at i pokwitowa\u0144.<\/p>\n\n\n\n<p><strong>Panel Rodzic\/Opiekun<\/strong>&nbsp;wraz z dost\u0119pem do aplikacji mobilnej,&nbsp; pozwala na szybkie i wygodne zg\u0142aszanie nieobecno\u015bci dziecka.<\/p>\n\n\n\n<p><strong>Ka\u017cdy rodzic<\/strong>&nbsp;powinien&nbsp; codziennie rejestrowa\u0107 godziny wej\u015bcia i wyj\u015bcia dziecka poprzez odbicie karty zbli\u017ceniowej.<\/p>\n\n\n\n<p>Adres strony internetowej e-dziennika to:<\/p>\n\n\n\n<figure class=\"wp-block-embed\"><div class=\"wp-block-embed__wrapper\">\nhttps:\/\/iprzedszkole.progman.pl\/\n<\/div><\/figure>\n","protected":false},"excerpt":{"rendered":"<p>Dziennik elektroniczny W naszej plac\u00f3wce funkcjonuje dziennik elektroniczny oraz system elektronicznego rejestrowania godzin pobytu dziecka w przedszkolu. Dziennik elektroniczny&nbsp;to spos\u00f3b&nbsp; zg\u0142aszania nieobecno\u015bci i \u015bledzenia frekwencji swojego dziecka, narz\u0119dzie do komunikacji&nbsp; z dyrekcj\u0105, nauczycielem, informacja o p\u0142atno\u015bciach za przedszkole, rozliczanie r\u00f3\u017cnego typu op\u0142at&nbsp; przedszkolnych z uwzgl\u0119dnieniem nadp\u0142at,&nbsp;&nbsp; zaleg\u0142o\u015bci, dofinansowa\u0144 do pobytu i \u017cywienia, prowadzenie dziennika zaj\u0119\u0107 [&hellip;]<\/p>\n","protected":false},"author":2,"featured_media":0,"parent":0,"menu_order":0,"comment_status":"closed","ping_status":"closed","template":"","meta":{"ngg_post_thumbnail":0},"yoast_head":"<!-- This site is optimized with the Yoast SEO plugin v18.2 - https:\/\/yoast.com\/wordpress\/plugins\/seo\/ -->\n<title>Dziennik elektroniczny - przedszkole4dzialdowo.pl<\/title>\n<meta name=\"robots\" content=\"index, follow, max-snippet:-1, max-image-preview:large, max-video-preview:-1\" \/>\n<link rel=\"canonical\" href=\"https:\/\/przedszkole4dzialdowo.pl\/?page_id=3652\" \/>\n<meta property=\"og:locale\" content=\"pl_PL\" \/>\n<meta property=\"og:type\" content=\"article\" \/>\n<meta property=\"og:title\" content=\"Dziennik elektroniczny - przedszkole4dzialdowo.pl\" \/>\n<meta property=\"og:description\" content=\"Dziennik elektroniczny W naszej plac\u00f3wce funkcjonuje dziennik elektroniczny oraz system elektronicznego rejestrowania godzin pobytu dziecka w przedszkolu. Dziennik elektroniczny&nbsp;to spos\u00f3b&nbsp; zg\u0142aszania nieobecno\u015bci i \u015bledzenia frekwencji swojego dziecka, narz\u0119dzie do komunikacji&nbsp; z dyrekcj\u0105, nauczycielem, informacja o p\u0142atno\u015bciach za przedszkole, rozliczanie r\u00f3\u017cnego typu op\u0142at&nbsp; przedszkolnych z uwzgl\u0119dnieniem nadp\u0142at,&nbsp;&nbsp; zaleg\u0142o\u015bci, dofinansowa\u0144 do pobytu i \u017cywienia, prowadzenie dziennika zaj\u0119\u0107 [&hellip;]\" \/>\n<meta property=\"og:url\" content=\"https:\/\/przedszkole4dzialdowo.pl\/?page_id=3652\" \/>\n<meta property=\"og:site_name\" content=\"przedszkole4dzialdowo.pl\" \/>\n<meta property=\"article:publisher\" content=\"https:\/\/www.facebook.com\/sp4dzialdowo\/\" \/>\n<meta property=\"article:modified_time\" content=\"2026-02-19T20:24:52+00:00\" \/>\n<meta name=\"twitter:card\" content=\"summary_large_image\" \/>\n<meta name=\"twitter:label1\" content=\"Szacowany czas czytania\" \/>\n\t<meta name=\"twitter:data1\" content=\"1 minuta\" \/>\n<script type=\"application\/ld+json\" class=\"yoast-schema-graph\">{\"@context\":\"https:\/\/schema.org\",\"@graph\":[{\"@type\":\"Organization\",\"@id\":\"https:\/\/przedszkole4dzialdowo.pl\/#organization\",\"name\":\"Szko\u0142a Podstawowa nr 4 im. Jana Paw\u0142a II w Dzia\u0142dowie\",\"url\":\"https:\/\/przedszkole4dzialdowo.pl\/\",\"sameAs\":[\"https:\/\/www.facebook.com\/sp4dzialdowo\/\"],\"logo\":{\"@type\":\"ImageObject\",\"@id\":\"https:\/\/przedszkole4dzialdowo.pl\/#logo\",\"inLanguage\":\"pl-PL\",\"url\":\"https:\/\/przedszkole4dzialdowo.pl\/wp-content\/uploads\/2021\/01\/cropped-LOGOWKOLE2.png\",\"contentUrl\":\"https:\/\/przedszkole4dzialdowo.pl\/wp-content\/uploads\/2021\/01\/cropped-LOGOWKOLE2.png\",\"width\":512,\"height\":512,\"caption\":\"Szko\u0142a Podstawowa nr 4 im. Jana Paw\u0142a II w Dzia\u0142dowie\"},\"image\":{\"@id\":\"https:\/\/przedszkole4dzialdowo.pl\/#logo\"}},{\"@type\":\"WebSite\",\"@id\":\"https:\/\/przedszkole4dzialdowo.pl\/#website\",\"url\":\"https:\/\/przedszkole4dzialdowo.pl\/\",\"name\":\"sp4dzialdowo.pl\",\"description\":\"\",\"publisher\":{\"@id\":\"https:\/\/przedszkole4dzialdowo.pl\/#organization\"},\"potentialAction\":[{\"@type\":\"SearchAction\",\"target\":{\"@type\":\"EntryPoint\",\"urlTemplate\":\"https:\/\/przedszkole4dzialdowo.pl\/?s={search_term_string}\"},\"query-input\":\"required name=search_term_string\"}],\"inLanguage\":\"pl-PL\"},{\"@type\":\"WebPage\",\"@id\":\"https:\/\/przedszkole4dzialdowo.pl\/?page_id=3652#webpage\",\"url\":\"https:\/\/przedszkole4dzialdowo.pl\/?page_id=3652\",\"name\":\"Dziennik elektroniczny - przedszkole4dzialdowo.pl\",\"isPartOf\":{\"@id\":\"https:\/\/przedszkole4dzialdowo.pl\/#website\"},\"datePublished\":\"2026-02-19T20:24:50+00:00\",\"dateModified\":\"2026-02-19T20:24:52+00:00\",\"breadcrumb\":{\"@id\":\"https:\/\/przedszkole4dzialdowo.pl\/?page_id=3652#breadcrumb\"},\"inLanguage\":\"pl-PL\",\"potentialAction\":[{\"@type\":\"ReadAction\",\"target\":[\"https:\/\/przedszkole4dzialdowo.pl\/?page_id=3652\"]}]},{\"@type\":\"BreadcrumbList\",\"@id\":\"https:\/\/przedszkole4dzialdowo.pl\/?page_id=3652#breadcrumb\",\"itemListElement\":[{\"@type\":\"ListItem\",\"position\":1,\"name\":\"Strona g\u0142\u00f3wna\",\"item\":\"https:\/\/przedszkole4dzialdowo.pl\/\"},{\"@type\":\"ListItem\",\"position\":2,\"name\":\"Dziennik elektroniczny\"}]}]}<\/script>\n<!-- \/ Yoast SEO plugin. -->","yoast_head_json":{"title":"Dziennik elektroniczny - przedszkole4dzialdowo.pl","robots":{"index":"index","follow":"follow","max-snippet":"max-snippet:-1","max-image-preview":"max-image-preview:large","max-video-preview":"max-video-preview:-1"},"canonical":"https:\/\/przedszkole4dzialdowo.pl\/?page_id=3652","og_locale":"pl_PL","og_type":"article","og_title":"Dziennik elektroniczny - przedszkole4dzialdowo.pl","og_description":"Dziennik elektroniczny W naszej plac\u00f3wce funkcjonuje dziennik elektroniczny oraz system elektronicznego rejestrowania godzin pobytu dziecka w przedszkolu. Dziennik elektroniczny&nbsp;to spos\u00f3b&nbsp; zg\u0142aszania nieobecno\u015bci i \u015bledzenia frekwencji swojego dziecka, narz\u0119dzie do komunikacji&nbsp; z dyrekcj\u0105, nauczycielem, informacja o p\u0142atno\u015bciach za przedszkole, rozliczanie r\u00f3\u017cnego typu op\u0142at&nbsp; przedszkolnych z uwzgl\u0119dnieniem nadp\u0142at,&nbsp;&nbsp; zaleg\u0142o\u015bci, dofinansowa\u0144 do pobytu i \u017cywienia, prowadzenie dziennika zaj\u0119\u0107 [&hellip;]","og_url":"https:\/\/przedszkole4dzialdowo.pl\/?page_id=3652","og_site_name":"przedszkole4dzialdowo.pl","article_publisher":"https:\/\/www.facebook.com\/sp4dzialdowo\/","article_modified_time":"2026-02-19T20:24:52+00:00","twitter_card":"summary_large_image","twitter_misc":{"Szacowany czas czytania":"1 minuta"},"schema":{"@context":"https:\/\/schema.org","@graph":[{"@type":"Organization","@id":"https:\/\/przedszkole4dzialdowo.pl\/#organization","name":"Szko\u0142a Podstawowa nr 4 im. Jana Paw\u0142a II w Dzia\u0142dowie","url":"https:\/\/przedszkole4dzialdowo.pl\/","sameAs":["https:\/\/www.facebook.com\/sp4dzialdowo\/"],"logo":{"@type":"ImageObject","@id":"https:\/\/przedszkole4dzialdowo.pl\/#logo","inLanguage":"pl-PL","url":"https:\/\/przedszkole4dzialdowo.pl\/wp-content\/uploads\/2021\/01\/cropped-LOGOWKOLE2.png","contentUrl":"https:\/\/przedszkole4dzialdowo.pl\/wp-content\/uploads\/2021\/01\/cropped-LOGOWKOLE2.png","width":512,"height":512,"caption":"Szko\u0142a Podstawowa nr 4 im. Jana Paw\u0142a II w Dzia\u0142dowie"},"image":{"@id":"https:\/\/przedszkole4dzialdowo.pl\/#logo"}},{"@type":"WebSite","@id":"https:\/\/przedszkole4dzialdowo.pl\/#website","url":"https:\/\/przedszkole4dzialdowo.pl\/","name":"sp4dzialdowo.pl","description":"","publisher":{"@id":"https:\/\/przedszkole4dzialdowo.pl\/#organization"},"potentialAction":[{"@type":"SearchAction","target":{"@type":"EntryPoint","urlTemplate":"https:\/\/przedszkole4dzialdowo.pl\/?s={search_term_string}"},"query-input":"required name=search_term_string"}],"inLanguage":"pl-PL"},{"@type":"WebPage","@id":"https:\/\/przedszkole4dzialdowo.pl\/?page_id=3652#webpage","url":"https:\/\/przedszkole4dzialdowo.pl\/?page_id=3652","name":"Dziennik elektroniczny - przedszkole4dzialdowo.pl","isPartOf":{"@id":"https:\/\/przedszkole4dzialdowo.pl\/#website"},"datePublished":"2026-02-19T20:24:50+00:00","dateModified":"2026-02-19T20:24:52+00:00","breadcrumb":{"@id":"https:\/\/przedszkole4dzialdowo.pl\/?page_id=3652#breadcrumb"},"inLanguage":"pl-PL","potentialAction":[{"@type":"ReadAction","target":["https:\/\/przedszkole4dzialdowo.pl\/?page_id=3652"]}]},{"@type":"BreadcrumbList","@id":"https:\/\/przedszkole4dzialdowo.pl\/?page_id=3652#breadcrumb","itemListElement":[{"@type":"ListItem","position":1,"name":"Strona g\u0142\u00f3wna","item":"https:\/\/przedszkole4dzialdowo.pl\/"},{"@type":"ListItem","position":2,"name":"Dziennik elektroniczny"}]}]}},"_links":{"self":[{"href":"https:\/\/przedszkole4dzialdowo.pl\/index.php?rest_route=\/wp\/v2\/pages\/3652"}],"collection":[{"href":"https:\/\/przedszkole4dzialdowo.pl\/index.php?rest_route=\/wp\/v2\/pages"}],"about":[{"href":"https:\/\/przedszkole4dzialdowo.pl\/index.php?rest_route=\/wp\/v2\/types\/page"}],"author":[{"embeddable":true,"href":"https:\/\/przedszkole4dzialdowo.pl\/index.php?rest_route=\/wp\/v2\/users\/2"}],"replies":[{"embeddable":true,"href":"https:\/\/przedszkole4dzialdowo.pl\/index.php?rest_route=%2Fwp%2Fv2%2Fcomments&post=3652"}],"version-history":[{"count":1,"href":"https:\/\/przedszkole4dzialdowo.pl\/index.php?rest_route=\/wp\/v2\/pages\/3652\/revisions"}],"predecessor-version":[{"id":3653,"href":"https:\/\/przedszkole4dzialdowo.pl\/index.php?rest_route=\/wp\/v2\/pages\/3652\/revisions\/3653"}],"wp:attachment":[{"href":"https:\/\/przedszkole4dzialdowo.pl\/index.php?rest_route=%2Fwp%2Fv2%2Fmedia&parent=3652"}],"curies":[{"name":"wp","href":"https:\/\/api.w.org\/{rel}","templated":true}]}}