{"id":309,"date":"2021-01-07T21:46:17","date_gmt":"2021-01-07T20:46:17","guid":{"rendered":"https:\/\/127.0.0.1\/wordpress\/?page_id=309"},"modified":"2026-02-14T19:00:50","modified_gmt":"2026-02-14T18:00:50","slug":"kontakt-2","status":"publish","type":"page","link":"https:\/\/przedszkole4dzialdowo.pl\/?page_id=309","title":{"rendered":"Kontakt"},"content":{"rendered":"\t\t<div data-elementor-type=\"wp-page\" data-elementor-id=\"309\" class=\"elementor elementor-309\">\n\t\t\t\t\t\t<div class=\"elementor-inner\">\n\t\t\t\t<div class=\"elementor-section-wrap\">\n\t\t\t\t\t\t\t\t\t<section class=\"elementor-section elementor-top-section elementor-element elementor-element-5fbfa95e elementor-section-boxed elementor-section-height-default elementor-section-height-default\" data-id=\"5fbfa95e\" data-element_type=\"section\">\n\t\t\t\t\t\t<div class=\"elementor-container elementor-column-gap-default\">\n\t\t\t\t\t\t\t<div class=\"elementor-row\">\n\t\t\t\t\t<div class=\"elementor-column elementor-col-100 elementor-top-column elementor-element elementor-element-298f1224\" data-id=\"298f1224\" data-element_type=\"column\">\n\t\t\t<div class=\"elementor-column-wrap elementor-element-populated\">\n\t\t\t\t\t\t\t<div class=\"elementor-widget-wrap\">\n\t\t\t\t\t\t<div class=\"elementor-element elementor-element-2079307e elementor-widget elementor-widget-text-editor\" data-id=\"2079307e\" data-element_type=\"widget\" data-widget_type=\"text-editor.default\">\n\t\t\t\t<div class=\"elementor-widget-container\">\n\t\t\t\t\t\t\t\t<div class=\"elementor-text-editor elementor-clearfix\">\n\t\t\t\t<p><!-- wp:paragraph --><\/p>\n<p><strong>ZESP\u00d3\u0141 PLAC\u00d3WEK O\u015aWIATOWYCH NR 4<\/strong><\/p>\n<p><span style=\"font-size: 13.008px;\">Przedszkole nr 4 w Dzia\u0142dowie <br \/>ul. Mrongowiusza 7 <br \/>13-200 Dzia\u0142dowo<\/span><br \/><br \/>tel.\u00a023 697 29 93<br \/>e-mail:\u00a0kontakt@przedszkole4dzialdowo.pl<\/p>\n<p><!-- \/wp:paragraph --><\/p>\n<p><!-- wp:paragraph --><\/p>\n<p><!-- \/wp:paragraph --><\/p>\n<p><!-- wp:paragraph --><\/p>\n<p><!-- \/wp:paragraph --><\/p>\n<p><!-- wp:paragraph --><\/p>\n<div>\n<figure><\/figure>\n<\/div>\n<p><!-- \/wp:image --><\/p>\n<p><!-- wp:paragraph --><\/p>\n<p>\u00a0<\/p>\n<p><!-- \/wp:paragraph --><\/p>\t\t\t\t\t<\/div>\n\t\t\t\t\t\t<\/div>\n\t\t\t\t<\/div>\n\t\t\t\t\t\t<\/div>\n\t\t\t\t\t<\/div>\n\t\t<\/div>\n\t\t\t\t\t\t\t\t<\/div>\n\t\t\t\t\t<\/div>\n\t\t<\/section>\n\t\t\t\t\t\t\t\t\t<\/div>\n\t\t\t<\/div>\n\t\t\t\t\t<\/div>\n\t\t","protected":false},"excerpt":{"rendered":"<p>ZESP\u00d3\u0141 PLAC\u00d3WEK O\u015aWIATOWYCH NR 4 Przedszkole nr 4 w Dzia\u0142dowie ul. Mrongowiusza 7 13-200 Dzia\u0142dowo tel.\u00a023 697 29 93e-mail:\u00a0kontakt@przedszkole4dzialdowo.pl \u00a0<\/p>\n","protected":false},"author":1,"featured_media":0,"parent":0,"menu_order":0,"comment_status":"closed","ping_status":"closed","template":"","meta":{"ngg_post_thumbnail":0},"yoast_head":"<!-- This site is optimized with the Yoast SEO plugin v18.2 - https:\/\/yoast.com\/wordpress\/plugins\/seo\/ -->\n<title>Kontakt - przedszkole4dzialdowo.pl<\/title>\n<meta name=\"robots\" content=\"index, follow, max-snippet:-1, max-image-preview:large, max-video-preview:-1\" \/>\n<link rel=\"canonical\" href=\"https:\/\/przedszkole4dzialdowo.pl\/?page_id=309\" \/>\n<meta property=\"og:locale\" content=\"pl_PL\" \/>\n<meta property=\"og:type\" content=\"article\" \/>\n<meta property=\"og:title\" content=\"Kontakt - przedszkole4dzialdowo.pl\" \/>\n<meta property=\"og:description\" content=\"ZESP\u00d3\u0141 PLAC\u00d3WEK O\u015aWIATOWYCH NR 4 Przedszkole nr 4 w Dzia\u0142dowie ul. Mrongowiusza 7 13-200 Dzia\u0142dowo tel.\u00a023 697 29 93e-mail:\u00a0kontakt@przedszkole4dzialdowo.pl \u00a0\" \/>\n<meta property=\"og:url\" content=\"https:\/\/przedszkole4dzialdowo.pl\/?page_id=309\" \/>\n<meta property=\"og:site_name\" content=\"przedszkole4dzialdowo.pl\" \/>\n<meta property=\"article:publisher\" content=\"https:\/\/www.facebook.com\/sp4dzialdowo\/\" \/>\n<meta property=\"article:modified_time\" content=\"2026-02-14T18:00:50+00:00\" \/>\n<meta name=\"twitter:card\" content=\"summary_large_image\" \/>\n<meta name=\"twitter:label1\" content=\"Szacowany czas czytania\" \/>\n\t<meta name=\"twitter:data1\" content=\"1 minuta\" \/>\n<script type=\"application\/ld+json\" class=\"yoast-schema-graph\">{\"@context\":\"https:\/\/schema.org\",\"@graph\":[{\"@type\":\"Organization\",\"@id\":\"https:\/\/przedszkole4dzialdowo.pl\/#organization\",\"name\":\"Szko\u0142a Podstawowa nr 4 im. Jana Paw\u0142a II w Dzia\u0142dowie\",\"url\":\"https:\/\/przedszkole4dzialdowo.pl\/\",\"sameAs\":[\"https:\/\/www.facebook.com\/sp4dzialdowo\/\"],\"logo\":{\"@type\":\"ImageObject\",\"@id\":\"https:\/\/przedszkole4dzialdowo.pl\/#logo\",\"inLanguage\":\"pl-PL\",\"url\":\"https:\/\/przedszkole4dzialdowo.pl\/wp-content\/uploads\/2021\/01\/cropped-LOGOWKOLE2.png\",\"contentUrl\":\"https:\/\/przedszkole4dzialdowo.pl\/wp-content\/uploads\/2021\/01\/cropped-LOGOWKOLE2.png\",\"width\":512,\"height\":512,\"caption\":\"Szko\u0142a Podstawowa nr 4 im. Jana Paw\u0142a II w Dzia\u0142dowie\"},\"image\":{\"@id\":\"https:\/\/przedszkole4dzialdowo.pl\/#logo\"}},{\"@type\":\"WebSite\",\"@id\":\"https:\/\/przedszkole4dzialdowo.pl\/#website\",\"url\":\"https:\/\/przedszkole4dzialdowo.pl\/\",\"name\":\"sp4dzialdowo.pl\",\"description\":\"\",\"publisher\":{\"@id\":\"https:\/\/przedszkole4dzialdowo.pl\/#organization\"},\"potentialAction\":[{\"@type\":\"SearchAction\",\"target\":{\"@type\":\"EntryPoint\",\"urlTemplate\":\"https:\/\/przedszkole4dzialdowo.pl\/?s={search_term_string}\"},\"query-input\":\"required name=search_term_string\"}],\"inLanguage\":\"pl-PL\"},{\"@type\":\"WebPage\",\"@id\":\"https:\/\/przedszkole4dzialdowo.pl\/?page_id=309#webpage\",\"url\":\"https:\/\/przedszkole4dzialdowo.pl\/?page_id=309\",\"name\":\"Kontakt - przedszkole4dzialdowo.pl\",\"isPartOf\":{\"@id\":\"https:\/\/przedszkole4dzialdowo.pl\/#website\"},\"datePublished\":\"2021-01-07T20:46:17+00:00\",\"dateModified\":\"2026-02-14T18:00:50+00:00\",\"breadcrumb\":{\"@id\":\"https:\/\/przedszkole4dzialdowo.pl\/?page_id=309#breadcrumb\"},\"inLanguage\":\"pl-PL\",\"potentialAction\":[{\"@type\":\"ReadAction\",\"target\":[\"https:\/\/przedszkole4dzialdowo.pl\/?page_id=309\"]}]},{\"@type\":\"BreadcrumbList\",\"@id\":\"https:\/\/przedszkole4dzialdowo.pl\/?page_id=309#breadcrumb\",\"itemListElement\":[{\"@type\":\"ListItem\",\"position\":1,\"name\":\"Strona g\u0142\u00f3wna\",\"item\":\"https:\/\/przedszkole4dzialdowo.pl\/\"},{\"@type\":\"ListItem\",\"position\":2,\"name\":\"Kontakt\"}]}]}<\/script>\n<!-- \/ Yoast SEO plugin. -->","yoast_head_json":{"title":"Kontakt - przedszkole4dzialdowo.pl","robots":{"index":"index","follow":"follow","max-snippet":"max-snippet:-1","max-image-preview":"max-image-preview:large","max-video-preview":"max-video-preview:-1"},"canonical":"https:\/\/przedszkole4dzialdowo.pl\/?page_id=309","og_locale":"pl_PL","og_type":"article","og_title":"Kontakt - przedszkole4dzialdowo.pl","og_description":"ZESP\u00d3\u0141 PLAC\u00d3WEK O\u015aWIATOWYCH NR 4 Przedszkole nr 4 w Dzia\u0142dowie ul. Mrongowiusza 7 13-200 Dzia\u0142dowo tel.\u00a023 697 29 93e-mail:\u00a0kontakt@przedszkole4dzialdowo.pl \u00a0","og_url":"https:\/\/przedszkole4dzialdowo.pl\/?page_id=309","og_site_name":"przedszkole4dzialdowo.pl","article_publisher":"https:\/\/www.facebook.com\/sp4dzialdowo\/","article_modified_time":"2026-02-14T18:00:50+00:00","twitter_card":"summary_large_image","twitter_misc":{"Szacowany czas czytania":"1 minuta"},"schema":{"@context":"https:\/\/schema.org","@graph":[{"@type":"Organization","@id":"https:\/\/przedszkole4dzialdowo.pl\/#organization","name":"Szko\u0142a Podstawowa nr 4 im. Jana Paw\u0142a II w Dzia\u0142dowie","url":"https:\/\/przedszkole4dzialdowo.pl\/","sameAs":["https:\/\/www.facebook.com\/sp4dzialdowo\/"],"logo":{"@type":"ImageObject","@id":"https:\/\/przedszkole4dzialdowo.pl\/#logo","inLanguage":"pl-PL","url":"https:\/\/przedszkole4dzialdowo.pl\/wp-content\/uploads\/2021\/01\/cropped-LOGOWKOLE2.png","contentUrl":"https:\/\/przedszkole4dzialdowo.pl\/wp-content\/uploads\/2021\/01\/cropped-LOGOWKOLE2.png","width":512,"height":512,"caption":"Szko\u0142a Podstawowa nr 4 im. Jana Paw\u0142a II w Dzia\u0142dowie"},"image":{"@id":"https:\/\/przedszkole4dzialdowo.pl\/#logo"}},{"@type":"WebSite","@id":"https:\/\/przedszkole4dzialdowo.pl\/#website","url":"https:\/\/przedszkole4dzialdowo.pl\/","name":"sp4dzialdowo.pl","description":"","publisher":{"@id":"https:\/\/przedszkole4dzialdowo.pl\/#organization"},"potentialAction":[{"@type":"SearchAction","target":{"@type":"EntryPoint","urlTemplate":"https:\/\/przedszkole4dzialdowo.pl\/?s={search_term_string}"},"query-input":"required name=search_term_string"}],"inLanguage":"pl-PL"},{"@type":"WebPage","@id":"https:\/\/przedszkole4dzialdowo.pl\/?page_id=309#webpage","url":"https:\/\/przedszkole4dzialdowo.pl\/?page_id=309","name":"Kontakt - przedszkole4dzialdowo.pl","isPartOf":{"@id":"https:\/\/przedszkole4dzialdowo.pl\/#website"},"datePublished":"2021-01-07T20:46:17+00:00","dateModified":"2026-02-14T18:00:50+00:00","breadcrumb":{"@id":"https:\/\/przedszkole4dzialdowo.pl\/?page_id=309#breadcrumb"},"inLanguage":"pl-PL","potentialAction":[{"@type":"ReadAction","target":["https:\/\/przedszkole4dzialdowo.pl\/?page_id=309"]}]},{"@type":"BreadcrumbList","@id":"https:\/\/przedszkole4dzialdowo.pl\/?page_id=309#breadcrumb","itemListElement":[{"@type":"ListItem","position":1,"name":"Strona g\u0142\u00f3wna","item":"https:\/\/przedszkole4dzialdowo.pl\/"},{"@type":"ListItem","position":2,"name":"Kontakt"}]}]}},"_links":{"self":[{"href":"https:\/\/przedszkole4dzialdowo.pl\/index.php?rest_route=\/wp\/v2\/pages\/309"}],"collection":[{"href":"https:\/\/przedszkole4dzialdowo.pl\/index.php?rest_route=\/wp\/v2\/pages"}],"about":[{"href":"https:\/\/przedszkole4dzialdowo.pl\/index.php?rest_route=\/wp\/v2\/types\/page"}],"author":[{"embeddable":true,"href":"https:\/\/przedszkole4dzialdowo.pl\/index.php?rest_route=\/wp\/v2\/users\/1"}],"replies":[{"embeddable":true,"href":"https:\/\/przedszkole4dzialdowo.pl\/index.php?rest_route=%2Fwp%2Fv2%2Fcomments&post=309"}],"version-history":[{"count":9,"href":"https:\/\/przedszkole4dzialdowo.pl\/index.php?rest_route=\/wp\/v2\/pages\/309\/revisions"}],"predecessor-version":[{"id":3532,"href":"https:\/\/przedszkole4dzialdowo.pl\/index.php?rest_route=\/wp\/v2\/pages\/309\/revisions\/3532"}],"wp:attachment":[{"href":"https:\/\/przedszkole4dzialdowo.pl\/index.php?rest_route=%2Fwp%2Fv2%2Fmedia&parent=309"}],"curies":[{"name":"wp","href":"https:\/\/api.w.org\/{rel}","templated":true}]}}